{"id":2863,"date":"2025-04-29T15:03:12","date_gmt":"2025-04-29T15:03:12","guid":{"rendered":"https:\/\/www.vap-camping.fr\/qui-sommes-nous\/"},"modified":"2026-01-29T23:13:48","modified_gmt":"2026-01-29T23:13:48","slug":"qui-sommes-nous","status":"publish","type":"page","link":"https:\/\/www.vap-camping.fr\/de\/qui-sommes-nous\/","title":{"rendered":"Wer sind wir?"},"content":{"rendered":"\n<div class=\"wp-block-group alignfull is-layout-flow wp-container-core-group-is-layout-eb36060f wp-block-group-is-layout-flow\" style=\"margin-top:10rem\">\n<div style=\"background-image:url(&#039;https:\/\/www.vap-camping.fr\/wp-content\/uploads\/2025\/04\/DSC_3541-scaled.jpg&#039;);background-size:cover;\" class=\"wp-block-group bg-img-part fromTop is-layout-flow wp-block-group-is-layout-flow has-background\">\n<div class=\"wp-block-columns alignfull is-layout-flex wp-container-core-columns-is-layout-28f84493 wp-block-columns-is-layout-flex\">\n<div class=\"wp-block-column part-void is-layout-flow wp-block-column-is-layout-flow\" style=\"flex-basis:55%\"><\/div>\n\n\n\n<div class=\"wp-block-column part-content is-layout-flow wp-block-column-is-layout-flow\" style=\"flex-basis:45%\">\n<div class=\"wp-block-group is-bg-rounded is-layout-flow wp-container-core-group-is-layout-75c87b2e wp-block-group-is-layout-flow\">\n<div class=\"wp-block-group is-style-title-flip has-global-padding is-layout-constrained wp-block-group-is-layout-constrained is-style-title-flip--1\">\n<p class=\"has-text-align-right has-secondary-font-family has-xl-font-size\">Eine Leidenschaft<\/p>\n\n\n\n<p class=\"has-text-align-right has-sm-font-size\" style=\"text-transform:uppercase\"><strong>zu teilen<\/strong><\/p>\n\n\n\n<h1 class=\"wp-block-heading has-text-align-right text-title\">Bei VAP hei\u00dfen wir Sie auf unseren Campingpl\u00e4tzen und Ferienh\u00e4usern mit der gleichen Leidenschaft willkommen!<\/h1>\n\n\n\n<p>Wir sind Freunde, die sich f\u00fcr Tourismus und Gastfreundschaft begeistern und unsere Campingpl\u00e4tze und Ferienh\u00e4user direkt verwalten. Jede Anlage spiegelt unseren Wunsch wider, einen warmen, geselligen und authentischen Aufenthalt mit der Familie, Freunden oder Gruppen zu teilen. <\/p>\n\n\n\n<p>Bei VAP Camping ist es unsere gr\u00f6\u00dfte Freude, Ihnen unsere Region Ari\u00e8ge und unsere rosa Stadt Toulouse, unsere Aktivit\u00e4ten und Landschaften mit Respekt f\u00fcr die Natur und Geselligkeit n\u00e4her zu bringen.<\/p>\n<\/div>\n\n\n\n<div class=\"wp-block-buttons is-content-justification-right is-layout-flex wp-container-core-buttons-is-layout-d445cf74 wp-block-buttons-is-layout-flex\">\n<div class=\"wp-block-button\"><a class=\"wp-block-button__link wp-element-button\" href=\"https:\/\/www.vap-camping.fr\/de\/vap-hebergements\/\">Fordern Sie ein Angebot f\u00fcr das VAP-Paket an.<\/a><\/div>\n<\/div>\n<\/div>\n<\/div>\n<\/div>\n<\/div>\n\n\n\n<div class=\"wp-block-group fromTop has-global-padding is-layout-constrained wp-block-group-is-layout-constrained\">\n<div class=\"wp-block-group alignwide is-style-title-simple is-layout-flow wp-block-group-is-layout-flow is-style-title-simple--2\" style=\"margin-top:4rem;margin-bottom:4rem\">\n<p class=\"has-text-align-center has-secondary-color has-text-color has-link-color has-secondary-font-family has-xl-font-size wp-elements-556809578379f13a67076d882d7982ec\">Unsere Einrichtungen<\/p>\n\n\n\n<p class=\"has-text-align-center has-primary-font-family has-sm-font-size\" style=\"text-transform:uppercase\"><strong>f\u00fcr Sie gemacht<\/strong><\/p>\n<\/div>\n\n\n<div class=\"campings-wrapper is-layout-flow wp-block-slider-campings-is-layout-flow\">\n            <div class=\"campings-list\">\n                            <div class=\"camping-item\"\n                    style=\"background-image: linear-gradient(to top, rgba(0, 0, 0, 0.6), transparent), url('https:\/\/www.vap-camping.fr\/wp-content\/uploads\/2025\/04\/camping-avec-piscine-1024x767.jpg');\">\n                    <a href=\"https:\/\/www.vap-camping.fr\/de\/campings\/camping-du-lac\/\" title=\"Campingplatz du lac(Foix)\" class=\"camping-link\">\n                        <p class=\"title\">Campingplatz du lac(Foix)<\/p>\n                        <p class=\"camping-button\">Entdecken<\/p>\n                    <\/a>\n                <\/div>\n                            <div class=\"camping-item\"\n                    style=\"background-image: linear-gradient(to top, rgba(0, 0, 0, 0.6), transparent), url('https:\/\/www.vap-camping.fr\/wp-content\/uploads\/2025\/07\/dji_0589-2-1024x767.jpg');\">\n                    <a href=\"https:\/\/www.vap-camping.fr\/de\/campings\/camping-la-bastide\/\" title=\"Campingplatz la Bastide(Maz\u00e8res)\" class=\"camping-link\">\n                        <p class=\"title\">Campingplatz la Bastide(Maz\u00e8res)<\/p>\n                        <p class=\"camping-button\">Entdecken<\/p>\n                    <\/a>\n                <\/div>\n                            <div class=\"camping-item\"\n                    style=\"background-image: linear-gradient(to top, rgba(0, 0, 0, 0.6), transparent), url('https:\/\/www.vap-camping.fr\/wp-content\/uploads\/2025\/04\/dsc03930-1024x500.jpg');\">\n                    <a href=\"https:\/\/www.vap-camping.fr\/de\/campings\/camping-le-rupe\/\" title=\"Campingplatz le Rup\u00e9(Toulouse)\" class=\"camping-link\">\n                        <p class=\"title\">Campingplatz le Rup\u00e9(Toulouse)<\/p>\n                        <p class=\"camping-button\">Entdecken<\/p>\n                    <\/a>\n                <\/div>\n                            <div class=\"camping-item\"\n                    style=\"background-image: linear-gradient(to top, rgba(0, 0, 0, 0.6), transparent), url('https:\/\/www.vap-camping.fr\/wp-content\/uploads\/2025\/04\/img_5291-1024x768-1.jpg');\">\n                    <a href=\"https:\/\/www.vap-camping.fr\/de\/campings\/complexe-des-oustalous\/\" title=\"Oustalous-Komplex\" class=\"camping-link\">\n                        <p class=\"title\">Oustalous-Komplex<\/p>\n                        <p class=\"camping-button\">Entdecken<\/p>\n                    <\/a>\n                <\/div>\n                            <div class=\"camping-item\"\n                    style=\"background-image: linear-gradient(to top, rgba(0, 0, 0, 0.6), transparent), url('https:\/\/www.vap-camping.fr\/wp-content\/uploads\/2025\/04\/4479-1024x461.jpeg');\">\n                    <a href=\"https:\/\/www.vap-camping.fr\/de\/campings\/camping-le-bourdieu\/\" title=\"Campingplatz Le Bourdieu\" class=\"camping-link\">\n                        <p class=\"title\">Campingplatz Le Bourdieu<\/p>\n                        <p class=\"camping-button\">Entdecken<\/p>\n                    <\/a>\n                <\/div>\n                    <\/div>\n    <\/div>\n\n<\/div>\n<\/div>\n","protected":false},"excerpt":{"rendered":"<p>Eine Leidenschaft zu teilen Bei VAP hei\u00dfen wir Sie auf unseren Campingpl\u00e4tzen und Ferienh\u00e4usern mit der gleichen Leidenschaft willkommen! Wir sind Freunde, die sich f\u00fcr Tourismus und Gastfreundschaft begeistern und unsere Campingpl\u00e4tze und Ferienh\u00e4user direkt verwalten. Jede Anlage spiegelt unseren Wunsch wider, einen warmen, geselligen und authentischen Aufenthalt mit der Familie, Freunden oder Gruppen zu [&hellip;]<\/p>\n","protected":false},"author":1,"featured_media":2636,"parent":0,"menu_order":79,"comment_status":"closed","ping_status":"closed","template":"","meta":{"_acf_changed":false,"_seopress_robots_primary_cat":"","_seopress_titles_title":"Wer sind wir? | Campings Vacances Ari\u00e8ge Pyr\u00e9n\u00e9es","_seopress_titles_desc":"Entdecken Sie Campings Vacances Ari\u00e8ge Pyr\u00e9n\u00e9es: eine Gruppe von Enthusiasten, die authentische, menschliche und gesellige Aufenthalte im Herzen der Pyren\u00e4en anbieten.","_seopress_robots_index":"","ouverture":"","nombre_de_locations":"","nombre_demplacements":"","adresse":"","numero_de_telephone":"","email":"","url_du_site":"","footnotes":""},"class_list":["post-2863","page","type-page","status-publish","has-post-thumbnail","hentry"],"acf":[],"_links":{"self":[{"href":"https:\/\/www.vap-camping.fr\/de\/wp-json\/wp\/v2\/pages\/2863","targetHints":{"allow":["GET"]}}],"collection":[{"href":"https:\/\/www.vap-camping.fr\/de\/wp-json\/wp\/v2\/pages"}],"about":[{"href":"https:\/\/www.vap-camping.fr\/de\/wp-json\/wp\/v2\/types\/page"}],"author":[{"embeddable":true,"href":"https:\/\/www.vap-camping.fr\/de\/wp-json\/wp\/v2\/users\/1"}],"replies":[{"embeddable":true,"href":"https:\/\/www.vap-camping.fr\/de\/wp-json\/wp\/v2\/comments?post=2863"}],"version-history":[{"count":3,"href":"https:\/\/www.vap-camping.fr\/de\/wp-json\/wp\/v2\/pages\/2863\/revisions"}],"predecessor-version":[{"id":6182,"href":"https:\/\/www.vap-camping.fr\/de\/wp-json\/wp\/v2\/pages\/2863\/revisions\/6182"}],"wp:featuredmedia":[{"embeddable":true,"href":"https:\/\/www.vap-camping.fr\/de\/wp-json\/wp\/v2\/media\/2636"}],"wp:attachment":[{"href":"https:\/\/www.vap-camping.fr\/de\/wp-json\/wp\/v2\/media?parent=2863"}],"curies":[{"name":"wp","href":"https:\/\/api.w.org\/{rel}","templated":true}]}}