{"id":3141,"date":"2025-04-22T07:18:44","date_gmt":"2025-04-22T07:18:44","guid":{"rendered":"https:\/\/www.vap-camping.fr\/accueil\/"},"modified":"2026-04-07T15:13:58","modified_gmt":"2026-04-07T15:13:58","slug":"startseite","status":"publish","type":"page","link":"https:\/\/www.vap-camping.fr\/de\/","title":{"rendered":"Startseite"},"content":{"rendered":"\n<div class=\"wp-block-group alignfull is-layout-flow wp-container-core-group-is-layout-8fc0eadb wp-block-group-is-layout-flow\">\n<div class=\"wp-block-plune-blocks-video\" data-autoplay-desktop=\"true\" data-autoplay-mobile=\"false\" data-sound-desktop=\"false\" data-sound-mobile=\"false\" data-loop-desktop=\"true\" data-loop-mobile=\"false\" data-play-on-hover=\"false\" data-key=\"cs4A02RwBa4\" data-start=\"\" data-end=\"\" data-reduction=\"\" data-mobile-key=\"\" data-mobilestart=\"\" data-mobileend=\"\" data-mobile-reduction=\"\" data-mobile-start=\"\" data-mobile-end=\"\" data-aspect=\"16:9\"><div class=\"video   \"><div class=\"iframedom\"><\/div><div class=\"video_push ratio-56-25 \"><\/div><\/div><\/div>\n\n\n\n<div class=\"wp-block-group has-secondary-background-color has-background is-content-justification-center is-layout-flex wp-container-core-group-is-layout-b01b06ca wp-block-group-is-layout-flex\" style=\"margin-top:0px;margin-bottom:0px;padding-top:4rem;padding-bottom:4rem\">\n<p class=\"has-secondary-font-family has-xl-font-size\">Buchen Sie Ihren Urlaub <\/p>\n\n\n<div id=\"resa-form\" class=\"resa-container\">\n    <div class=\"resa-wrapper\">\n        <input type=\"text\" id=\"resa-date\" name=\"resa_date\" required>\n    <\/div>\n    <div class=\"group-wrapper\">\n        <!-- <input type=\"number\" id=\"resa-person\" class=\"resa-person\" name=\"resa_person\" min=\"1\" value=\"1\" required> -->\n        <select id=\"resa-person\" class=\"resa-person\" name=\"resa_person\" required>\n            <option value=\"1\" selected>1<\/option>\n            <option value=\"2\">2<\/option>\n            <option value=\"3\">3<\/option>\n            <option value=\"4\">4<\/option>\n            <option value=\"5\">5<\/option>\n            <option value=\"6\">6<\/option>\n            <option value=\"7\">7<\/option>\n            <option value=\"8\">8<\/option>\n            <option value=\"9\">9<\/option>\n            <option value=\"10\">10<\/option>\n        <\/select>\n    <\/div>\n    <div>\n        <a href=\"#\" target=\"_blank\" id=\"resa-send\" class=\"resa-send\">Envoyer<\/a>\n    <\/div>\n<\/div><\/div>\n\n\n\n<div class=\"wp-block-group has-primary-background-color has-background is-content-justification-center is-layout-flex wp-container-core-group-is-layout-b01b06ca wp-block-group-is-layout-flex\" style=\"margin-top:0px;margin-bottom:0px;padding-top:4rem;padding-bottom:4rem\">\n<p class=\"has-secondary-color has-text-color has-link-color has-secondary-font-family has-sm-font-size wp-elements-347e60937265aefc942544a980b20c48\">Erstellen Sie Ihren RoadTrip<\/p>\n\n\n\n<div class=\"wp-block-buttons is-layout-flex wp-block-buttons-is-layout-flex\">\n<div class=\"wp-block-button\"><a class=\"wp-block-button__link wp-element-button\" href=\"https:\/\/www.vap-camping.fr\/de\/vap-hebergements\/\">Buchen<\/a><\/div>\n<\/div>\n<\/div>\n\n\n\n<div class=\"wp-block-group has-global-padding is-layout-constrained wp-block-group-is-layout-constrained\">\n<div class=\"wp-block-group alignwide is-style-title-simple is-layout-flow wp-block-group-is-layout-flow is-style-title-simple--1\" style=\"margin-top:4rem;margin-bottom:4rem\">\n<p class=\"has-text-align-center has-secondary-color has-text-color has-link-color has-secondary-font-family has-xl-font-size wp-elements-142955f7047d52fa44e1d4ac30f9d860\">W\u00e4hlen Sie<\/p>\n\n\n\n<h1 class=\"wp-block-heading has-text-align-center\">Zwischen unseren Campingpl\u00e4tzen und Ferienh\u00e4usern<\/h1>\n<\/div>\n\n\n<div class=\"campings-wrapper is-layout-flow wp-block-slider-campings-is-layout-flow\">\n            <div class=\"campings-list\">\n                            <div class=\"camping-item\"\n                    style=\"background-image: linear-gradient(to top, rgba(0, 0, 0, 0.6), transparent), url('https:\/\/www.vap-camping.fr\/wp-content\/uploads\/2025\/04\/camping-avec-piscine-1024x767.jpg');\">\n                    <a href=\"https:\/\/www.vap-camping.fr\/de\/campings\/camping-du-lac\/\" title=\"Campingplatz du lac(Foix)\" class=\"camping-link\">\n                        <p class=\"title\">Campingplatz du lac(Foix)<\/p>\n                        <p class=\"camping-button\">Entdecken<\/p>\n                    <\/a>\n                <\/div>\n                            <div class=\"camping-item\"\n                    style=\"background-image: linear-gradient(to top, rgba(0, 0, 0, 0.6), transparent), url('https:\/\/www.vap-camping.fr\/wp-content\/uploads\/2025\/07\/dji_0589-2-1024x767.jpg');\">\n                    <a href=\"https:\/\/www.vap-camping.fr\/de\/campings\/camping-la-bastide\/\" title=\"Campingplatz la Bastide(Maz\u00e8res)\" class=\"camping-link\">\n                        <p class=\"title\">Campingplatz la Bastide(Maz\u00e8res)<\/p>\n                        <p class=\"camping-button\">Entdecken<\/p>\n                    <\/a>\n                <\/div>\n                            <div class=\"camping-item\"\n                    style=\"background-image: linear-gradient(to top, rgba(0, 0, 0, 0.6), transparent), url('https:\/\/www.vap-camping.fr\/wp-content\/uploads\/2025\/04\/dsc03930-1024x500.jpg');\">\n                    <a href=\"https:\/\/www.vap-camping.fr\/de\/campings\/camping-le-rupe\/\" title=\"Campingplatz le Rup\u00e9(Toulouse)\" class=\"camping-link\">\n                        <p class=\"title\">Campingplatz le Rup\u00e9(Toulouse)<\/p>\n                        <p class=\"camping-button\">Entdecken<\/p>\n                    <\/a>\n                <\/div>\n                            <div class=\"camping-item\"\n                    style=\"background-image: linear-gradient(to top, rgba(0, 0, 0, 0.6), transparent), url('https:\/\/www.vap-camping.fr\/wp-content\/uploads\/2025\/04\/img_5291-1024x768-1.jpg');\">\n                    <a href=\"https:\/\/www.vap-camping.fr\/de\/campings\/complexe-des-oustalous\/\" title=\"Oustalous-Komplex\" class=\"camping-link\">\n                        <p class=\"title\">Oustalous-Komplex<\/p>\n                        <p class=\"camping-button\">Entdecken<\/p>\n                    <\/a>\n                <\/div>\n                            <div class=\"camping-item\"\n                    style=\"background-image: linear-gradient(to top, rgba(0, 0, 0, 0.6), transparent), url('https:\/\/www.vap-camping.fr\/wp-content\/uploads\/2025\/04\/4479-1024x461.jpeg');\">\n                    <a href=\"https:\/\/www.vap-camping.fr\/de\/campings\/camping-le-bourdieu\/\" title=\"Campingplatz Le Bourdieu\" class=\"camping-link\">\n                        <p class=\"title\">Campingplatz Le Bourdieu<\/p>\n                        <p class=\"camping-button\">Entdecken<\/p>\n                    <\/a>\n                <\/div>\n                    <\/div>\n    <\/div>\n\n<\/div>\n\n\n\n<div class=\"wp-block-group has-global-padding is-layout-constrained wp-block-group-is-layout-constrained\">\n<div class=\"wp-block-columns alignfull m-ti is-layout-flex wp-container-core-columns-is-layout-0c0b91ec wp-block-columns-is-layout-flex\">\n<div class=\"wp-block-column is-vertically-aligned-center leftRight m-ti-text is-layout-flow wp-block-column-is-layout-flow\" style=\"padding-left:10rem;flex-basis:40%\">\n<div class=\"wp-block-group is-style-title-left is-layout-flow wp-block-group-is-layout-flow is-style-title-left--2\">\n<p class=\"has-secondary-color has-text-color has-link-color has-secondary-font-family has-xl-font-size wp-elements-91917d62e49104de38e7c184b7c72251\">Ihr Urlaub  <\/p>\n\n\n\n<p class=\"has-primary-color has-text-color has-link-color has-primary-font-family has-sm-font-size wp-elements-73dbc7c4916a27d8a9e5909a7cea1d7e\" style=\"text-transform:uppercase\"><strong>zwischen Toulouse und der Ari\u00e8ge<\/strong><\/p>\n<\/div>\n\n\n\n<h1 class=\"wp-block-heading text-title\">Verweilen Sie in der N\u00e4he von Toulouse oder im Herzen der Ari\u00e8ge mit der Familie, mit Freunden oder in einer Gruppe.<\/h1>\n\n\n\n<p class=\"has-link-color has-m-font-size wp-elements-82177229a904212dd7dbc06137477c7c\" style=\"padding-left:2rem\">Willkommen bei Vacances Ari\u00e8ge Pyr\u00e9n\u00e9es (VAP) &#8211; ein Zusammenschluss von Freunden, die sich f\u00fcr Gastfreundschaft, Natur und Entdeckung begeistern.<br>Unsere Einrichtungen befinden sich im Herzen Okzitaniens, zwischen <a href=\"https:\/\/www.vap-camping.fr\/de\/campings\/camping-le-rupe\/\" data-type=\"campings\" data-id=\"103\">Toulouse<\/a>, <a href=\"https:\/\/www.vap-camping.fr\/de\/campings\/camping-du-lac\/\" data-type=\"campings\" data-id=\"22\">Foix<\/a>, <a href=\"https:\/\/www.vap-camping.fr\/de\/campings\/camping-la-bastide\/\" data-type=\"campings\" data-id=\"101\">Maz\u00e8res<\/a>, <a href=\"https:\/\/www.vap-camping.fr\/de\/campings\/complexe-des-oustalous\/\" data-type=\"campings\" data-id=\"105\">Les Cabannes<\/a> und <a href=\"https:\/\/www.vap-camping.fr\/de\/campings\/camping-le-bourdieu\/\" data-type=\"campings\" data-id=\"108\">Dufort<\/a>, an idealen Orten, um die Region nach Ihren W\u00fcnschen zu erkunden.<\/p>\n\n\n\n<p class=\"has-link-color has-m-font-size wp-elements-977bacf32c2f59c2ec6cac932b0b5798\" style=\"padding-left:2rem\">Ob Sie nun die Stadt, die Berge, den Fluss oder die Radwege lieben, jedes Reiseziel der VAP-Gruppe bietet Ihnen eine einzigartige Atmosph\u00e4re, die f\u00fcr Familien, Freunde oder Gruppen geeignet ist. Genie\u00dfen Sie gem\u00fctliche Orte, Aktivit\u00e4ten in der Natur und einen aufmerksamen Empfang, um einen Urlaub zu erleben, der genau Ihren Vorstellungen entspricht. <\/p>\n\n\n\n<p class=\"has-link-color has-m-font-size wp-elements-f225fad8fa6b672ee9d21f087c8ee185\" style=\"padding-left:2rem\"><br><\/p>\n<\/div>\n\n\n\n<div class=\"wp-block-column is-vertically-aligned-stretch is-style-travel rightLeft m-ti-image is-layout-flow wp-block-column-is-layout-flow is-style-travel--3\" style=\"flex-basis:60%\">\n<figure class=\"wp-block-image alignright size-large\"><img alt=\"\" decoding=\"async\" width=\"1024\" height=\"683\" src=\"https:\/\/www.vap-camping.fr\/wp-content\/uploads\/2025\/05\/AdobeStock_438796001-1024x683.jpeg\" alt=\"\" class=\"wp-image-1314\" srcset=\"https:\/\/www.vap-camping.fr\/wp-content\/uploads\/2025\/05\/AdobeStock_438796001-1024x683.jpeg 1024w, https:\/\/www.vap-camping.fr\/wp-content\/uploads\/2025\/05\/AdobeStock_438796001-600x400.jpeg 600w, https:\/\/www.vap-camping.fr\/wp-content\/uploads\/2025\/05\/AdobeStock_438796001-768x512.jpeg 768w, https:\/\/www.vap-camping.fr\/wp-content\/uploads\/2025\/05\/AdobeStock_438796001-1536x1024.jpeg 1536w, https:\/\/www.vap-camping.fr\/wp-content\/uploads\/2025\/05\/AdobeStock_438796001-2048x1365.jpeg 2048w\" sizes=\"(max-width: 1024px) 100vw, 1024px\" \/><\/figure>\n<\/div>\n<\/div>\n<\/div>\n\n\n\n<div class=\"wp-block-group fromOpacity has-global-padding is-layout-constrained wp-container-core-group-is-layout-8dcf120e wp-block-group-is-layout-constrained\">\n<div class=\"wp-block-group is-style-title-simple fromTop is-layout-flow wp-block-group-is-layout-flow is-style-title-simple--4\" style=\"margin-top:4rem;margin-bottom:4rem\">\n<p class=\"has-text-align-center has-secondary-color has-text-color has-link-color has-secondary-font-family has-xl-font-size wp-elements-b52900ba3ea20b3e9f710279243c2264\">Entdecken Sie<\/p>\n\n\n\n<p class=\"has-text-align-center has-sm-font-size\" style=\"text-transform:uppercase\"><strong>Unsere Sonderangebote<\/strong><\/p>\n<\/div>\n\n\n\n<h2 class=\"wp-block-heading has-text-align-center fromOpacity text-title\">Entdecken Sie unsere preiswerten Campingpl\u00e4tze in der Ari\u00e8ge und in Toulouse<\/h2>\n\n\n\n<div style=\"height:30px\" aria-hidden=\"true\" class=\"wp-block-spacer\"><\/div>\n\n\n\n<div class=\"wp-block-buttons is-content-justification-center is-layout-flex wp-container-core-buttons-is-layout-a89b3969 wp-block-buttons-is-layout-flex\">\n<div class=\"wp-block-button\"><a class=\"wp-block-button__link has-text-align-center wp-element-button\" href=\"https:\/\/www.vap-camping.fr\/de\/offres-promotions\/\">Unsere Sonderangebote<\/a><\/div>\n<\/div>\n<\/div>\n\n\n\n<div class=\"wp-block-group fromOpacity has-global-padding is-layout-constrained wp-container-core-group-is-layout-8dcf120e wp-block-group-is-layout-constrained\">\n<div class=\"wp-block-group is-style-title-simple fromTop is-layout-flow wp-block-group-is-layout-flow is-style-title-simple--5\" style=\"margin-top:4rem;margin-bottom:4rem\">\n<p class=\"has-text-align-center has-secondary-color has-text-color has-link-color has-secondary-font-family has-xl-font-size wp-elements-66c0d11f066d6c2fdc8c8207cec35c48\">Warum w\u00e4hlen Sie<\/p>\n\n\n\n<p class=\"has-text-align-center has-sm-font-size\" style=\"text-transform:uppercase\"><strong>Vap Campingpl\u00e4tze &amp; Ferienh\u00e4user<\/strong><\/p>\n<\/div>\n\n\n\n<h2 class=\"wp-block-heading has-text-align-left fromOpacity text-title\">Individuelle Pakete bei Aufenthalt in unseren VAP Campingpl\u00e4tzen und Ferienh\u00e4usern<\/h2>\n\n\n\n<p class=\"has-link-color wp-elements-40fca39153a302b6e01449703c26a119\" style=\"padding-left:2rem\">Unsere Einrichtungen sind ideal zwischen Stadt und Natur gelegen, um Okzitanien in all seinen Facetten zu entdecken: Stadt, Berge, Fluss&#8230; Genie\u00dfen Sie verschiedene Aktivit\u00e4ten, seien es kulturelle Besichtigungen, Erfahrungen in der Welt der Luft- und Raumfahrt, aufregende Abenteuer oder Aktivit\u00e4ten im Freien.<br>Unsere Einrichtungen sind leicht erreichbar, in der N\u00e4he von \u00f6ffentlichen Verkehrsmitteln, Fahrradwegen und Zugverbindungen, so dass Sie einfach und angenehm reisen k\u00f6nnen.<br>Und \u00fcberall werden Sie die gleiche freundliche, herzliche und menschliche Atmosph\u00e4re vorfinden, die unsere Campingpl\u00e4tze und Ferienh\u00e4user auszeichnet, f\u00fcr einen angenehmen und unvergesslichen Aufenthalt.<\/p>\n\n\n\n<p class=\"has-link-color wp-elements-cfbf21246ad5aa4c12300faa292f5ed8\" style=\"padding-left:2rem\">W\u00e4hlen Sie <a href=\"https:\/\/www.vap-camping.fr\/de\/camping-4-etoiles-ariege\/\">eine oder mehrere der VAP-Einrichtungen<\/a> und erkunden Sie die Region in Ihrem eigenen Rhythmus, zwischen Natur, Abenteuer, Kulturerbe und Entspannung. Und f\u00fcr noch mehr Freiheit k\u00f6nnen Sie sich f\u00fcr die VAP-Pakete entscheiden und Ihren Aufenthalt nach Ma\u00df zusammenstellen. <\/p>\n<\/div>\n\n\n\n<div class=\"wp-block-buttons is-content-justification-center is-layout-flex wp-container-core-buttons-is-layout-a89b3969 wp-block-buttons-is-layout-flex\">\n<div class=\"wp-block-button\"><a class=\"wp-block-button__link wp-element-button\" href=\"https:\/\/www.vap-camping.fr\/de\/qui-sommes-nous\/vacances-ariege-pyrenees\/\">Entdecken Sie unsere Pakete<\/a><\/div>\n<\/div>\n\n\n\n<div class=\"wp-block-group fromOpacity is-layout-flow wp-block-group-is-layout-flow has-background\" style=\"padding-top:15rem;background-image:url(&#039;https:\/\/www.vap-camping.fr\/wp-content\/uploads\/2025\/05\/AdobeStock_87361103-scaled.jpeg&#039;);background-size:cover;\">\n<div class=\"wp-block-columns alignfull are-vertically-aligned-bottom is-layout-flex wp-container-core-columns-is-layout-28f84493 wp-block-columns-is-layout-flex\">\n<div class=\"wp-block-column is-vertically-aligned-bottom fromOpacity is-layout-flow wp-block-column-is-layout-flow\" style=\"flex-basis:55%\"><\/div>\n\n\n\n<div class=\"wp-block-column is-vertically-aligned-bottom rightLeft is-layout-flow wp-block-column-is-layout-flow\" style=\"flex-basis:45%\">\n<div class=\"wp-block-group is-bg-rounded is-layout-flow wp-container-core-group-is-layout-75c87b2e wp-block-group-is-layout-flow\">\n<div class=\"wp-block-group is-style-title-flip has-global-padding is-layout-constrained wp-block-group-is-layout-constrained is-style-title-flip--6\">\n<p class=\"has-text-align-right has-secondary-color has-text-color has-link-color has-secondary-font-family has-xl-font-size wp-elements-6bece588e0be23905f376b38adf61946\"><strong>Tourismus<\/strong><\/p>\n\n\n\n<p class=\"has-text-align-right has-sm-font-size\" style=\"text-transform:uppercase\"><strong>in Okzitanien &amp; Ari\u00e8ge<\/strong><\/p>\n\n\n\n<h1 class=\"wp-block-heading text-title\">Toulouse, Foix, Maz\u00e8res, Dufort, Les Cabannes&#8230; und sogar bis nach Andorra, jeder Ort er\u00f6ffnet ein einzigartiges Spielfeld.<\/h1>\n\n\n\n<p>Schlendern Sie in Toulouse am Canal du Midi entlang, lassen Sie sich vom Reichtum der rosafarbenen Denkm\u00e4ler und den gem\u00fctlichen Terrassen \u00fcberraschen oder fiebern Sie bei einem legend\u00e4ren Spiel im Stade Toulousain mit.  <\/p>\n\n\n\n<p>In der Ari\u00e8ge k\u00f6nnen Sie geheimnisvolle H\u00f6hlen erkunden, mittelalterliche Schl\u00f6sser besteigen oder auf dem Voie Verte (Gr\u00fcner Weg) radeln, um die saubere Luft der Ari\u00e8ge zu atmen. Im Herzen der Berge bieten die Cabannes und die Pyren\u00e4en Wanderungen, Wildwassersport, Entspannung in nat\u00fcrlichen Quellen und Thermen sowie atemberaubende Landschaften.<br>Ob Sie allein, mit der Familie oder mit Freunden unterwegs sind, jeder Tag wird nach Ihrem Rhythmus gestaltet und jede Erfahrung wird zu einer Erinnerung, die Sie mit anderen teilen k\u00f6nnen.<br><\/p>\n<\/div>\n\n\n\n<div class=\"wp-block-buttons is-content-justification-right is-layout-flex wp-container-core-buttons-is-layout-d445cf74 wp-block-buttons-is-layout-flex\">\n<div class=\"wp-block-button button is-style-fill\"><a class=\"wp-block-button__link wp-element-button\" href=\"https:\/\/www.vap-camping.fr\/de\/lieux\/\" style=\"padding-top:0px;padding-right:0px;padding-bottom:0px;padding-left:0px\">Entdecken Sie<\/a><\/div>\n<\/div>\n<\/div>\n<\/div>\n<\/div>\n<\/div>\n\n\n\n<div class=\"wp-block-group reveal has-global-padding is-layout-constrained wp-block-group-is-layout-constrained\">\n<div class=\"wp-block-columns alignfull are-vertically-aligned-center is-faq-wrapper is-layout-flex wp-container-core-columns-is-layout-28f84493 wp-block-columns-is-layout-flex\">\n<div class=\"wp-block-column is-vertically-aligned-center is-layout-flow wp-block-column-is-layout-flow\" style=\"flex-basis:33.33%\">\n<div class=\"wp-block-group is-faq is-layout-flow wp-block-group-is-layout-flow has-background\" style=\"border-radius:100%;background-image:url(&#039;https:\/\/www.vap-camping.fr\/wp-content\/themes\/vap\/assets\/img\/faq.jpg&#039;);background-position:73% 47%;background-size:cover;\"><\/div>\n<\/div>\n\n\n\n<div class=\"wp-block-column is-vertically-aligned-center is-layout-flow wp-block-column-is-layout-flow\" style=\"flex-basis:66.66%\">\n<div class=\"wp-block-group is-style-title-left is-layout-flow wp-block-group-is-layout-flow is-style-title-left--7\">\n<p class=\"has-secondary-color has-text-color has-link-color has-secondary-font-family has-xl-font-size wp-elements-b8d209e59c03caf8beafd191d43c8acb\">H\u00e4ufig gestellte Fragen<\/p>\n\n\n\n<p class=\"has-primary-color has-text-color has-link-color has-primary-font-family has-sm-font-size wp-elements-4a6d732f50c7544ec9ba68cb8e501743\" style=\"text-transform:uppercase\"><strong>Sie m\u00f6chten mehr erfahren<\/strong><\/p>\n<\/div>\n\n\n\n<div class=\"wp-block-group has-global-padding is-layout-constrained wp-block-group-is-layout-constrained\">\n<div class=\"pfq\">\n  \n  \n  <nav class=\"pfq__themes\">\n    <h2>Th\u00e9matiques<\/h2>\n    <ul>\n      \n        <li class=\"pfq__theme active\" data-pfq-group=\"group-0\">\n          <a href=\"#\">Allgemeine Informationen<\/a>\n        <\/li>\n\n          <\/ul>\n  <\/nav>\n\n  <div class=\"pfq__questions\">\n    \n      <div class=\"pfq__questions__group visible\" data-pfq-group=\"group-0\">\n\n        <h3>Allgemeine Informationen<\/h3>\n\n        \n          <div class=\"pfq__question\"  >\n            <h4 class=\"pfq__question__title\">Welche Arten von Unterk\u00fcnften bieten Sie an?<\/h4>\n            <div class=\"pfq__answer\"><p><span style=\"font-weight: 400;\">Wir bieten Mobilheime, Chalets, m\u00f6blierte Zelte sowie ger\u00e4umige Gruppenunterk\u00fcnfte und Stellpl\u00e4tze an.<\/span><\/p>\n<\/div>\n          <\/div>\n\n        \n          <div class=\"pfq__question\"  >\n            <h4 class=\"pfq__question__title\">Sind Ihre Einrichtungen mit \u00f6ffentlichen Verkehrsmitteln erreichbar?<\/h4>\n            <div class=\"pfq__answer\"><p><span style=\"font-weight: 400;\">Ja, die meisten unserer Einrichtungen liegen in der N\u00e4he von \u00f6ffentlichen Verkehrsmitteln und sind mit dem Zug erreichbar.<\/span><\/p>\n<\/div>\n          <\/div>\n\n        \n          <div class=\"pfq__question\"  >\n            <h4 class=\"pfq__question__title\">Kann ich auf mehreren Campingpl\u00e4tzen der Gruppe \u00fcbernachten?<\/h4>\n            <div class=\"pfq__answer\"><p><span style=\"font-weight: 400;\">Ja, wir bieten Pakete an, die den Aufenthalt in mehreren Einrichtungen der Gruppe erm\u00f6glichen.<\/span><\/p>\n<\/div>\n          <\/div>\n\n        \n          <div class=\"pfq__question\"  >\n            <h4 class=\"pfq__question__title\">Bieten Sie Aktivit\u00e4ten f\u00fcr Familien an?<\/h4>\n            <div class=\"pfq__answer\"><p><span style=\"font-weight: 400;\">Ja, wir bieten familienfreundliche Aktivit\u00e4ten wie Animation und Entspannung w\u00e4hrend der Saison.  <\/span><\/p>\n<\/div>\n          <\/div>\n\n        \n          <div class=\"pfq__question\"  >\n            <h4 class=\"pfq__question__title\">Ist Wi-Fi auf Ihren Campingpl\u00e4tzen verf\u00fcgbar?<\/h4>\n            <div class=\"pfq__answer\"><p><span style=\"font-weight: 400;\">Ja, alle unsere Einrichtungen bieten Wi-Fi-Zugang f\u00fcr unsere G\u00e4ste.<\/span><\/p>\n<\/div>\n          <\/div>\n\n        \n          <div class=\"pfq__question\"  >\n            <h4 class=\"pfq__question__title\">Sind Ihre Campingpl\u00e4tze das ganze Jahr \u00fcber ge\u00f6ffnet?<\/h4>\n            <div class=\"pfq__answer\"><p><span style=\"font-weight: 400;\">Unsere Campingpl\u00e4tze sind unterschiedlich ge\u00f6ffnet: einige sind das ganze Jahr \u00fcber ge\u00f6ffnet, andere nur saisonal.<\/span><\/p>\n<\/div>\n          <\/div>\n\n        \n          <div class=\"pfq__question\"  >\n            <h4 class=\"pfq__question__title\">Sind Ihre Einrichtungen f\u00fcr Personen mit eingeschr\u00e4nkter Mobilit\u00e4t geeignet?<\/h4>\n            <div class=\"pfq__answer\"><p><span style=\"font-weight: 400;\">Ja, wir sorgen daf\u00fcr, dass unsere Einrichtungen f\u00fcr Personen mit eingeschr\u00e4nkter Mobilit\u00e4t zug\u00e4nglich sind.<\/span><\/p>\n<\/div>\n          <\/div>\n\n        \n          <div class=\"pfq__question\"  >\n            <h4 class=\"pfq__question__title\">Bieten Sie Gruppenreisen an?<\/h4>\n            <div class=\"pfq__answer\"><p><span style=\"font-weight: 400;\">Ja, wir begr\u00fc\u00dfen Gruppen wie kinderreiche Familien, Schulen oder Vereine.<\/span><\/p>\n<\/div>\n          <\/div>\n\n        \n          <div class=\"pfq__question\"  >\n            <h4 class=\"pfq__question__title\">Kann ich Aktivit\u00e4ten im Voraus buchen?<\/h4>\n            <div class=\"pfq__answer\"><p>Ja, einige Aktivit\u00e4ten k\u00f6nnen im Voraus gebucht werden, um Ihren Platz zu sichern.<\/p>\n<\/div>\n          <\/div>\n\n        \n          <div class=\"pfq__question\"  >\n            <h4 class=\"pfq__question__title\">Bieten Sie Catering-Dienstleistungen an?<\/h4>\n            <div class=\"pfq__answer\"><p><span style=\"font-weight: 400;\">Ja, einige unserer Einrichtungen verf\u00fcgen \u00fcber Restaurants, Snackbars und Essensoptionen zum Mitnehmen.<\/span><\/p>\n<\/div>\n          <\/div>\n\n        \n      <\/div>\n\n    \n  <\/div>\n<\/div>\n<\/div>\n<\/div>\n<\/div>\n<\/div>\n<\/div>\n","protected":false},"excerpt":{"rendered":"<p>Buchen Sie Ihren Urlaub Erstellen Sie Ihren RoadTrip W\u00e4hlen Sie Zwischen unseren Campingpl\u00e4tzen und Ferienh\u00e4usern Ihr Urlaub zwischen Toulouse und der Ari\u00e8ge Verweilen Sie in der N\u00e4he von Toulouse oder im Herzen der Ari\u00e8ge mit der Familie, mit Freunden oder in einer Gruppe. Willkommen bei Vacances Ari\u00e8ge Pyr\u00e9n\u00e9es (VAP) &#8211; ein Zusammenschluss von Freunden, die [&hellip;]<\/p>\n","protected":false},"author":1,"featured_media":0,"parent":0,"menu_order":86,"comment_status":"closed","ping_status":"closed","template":"","meta":{"_acf_changed":false,"_seopress_robots_primary_cat":"","_seopress_titles_title":"Campingurlaub Ari\u00e8ge-Pyr\u00e9n\u00e9es | 3- & 4-Sterne-Campingpl\u00e4tze und Ferienh\u00e4user in der Ari\u00e8ge","_seopress_titles_desc":"Verbringen Sie Ihren Urlaub im Herzen der Ari\u00e8ge-Pyr\u00e9n\u00e9es in unseren \u00fcberschaubaren, familienfreundlichen Campingpl\u00e4tzen. Natur, Authentizit\u00e4t und Unterk\u00fcnfte f\u00fcr jeden Aufenthaltsstil.","_seopress_robots_index":"","ouverture":"","nombre_de_locations":"","nombre_demplacements":"","adresse":"","numero_de_telephone":"","email":"","url_du_site":"","footnotes":""},"class_list":["post-3141","page","type-page","status-publish","hentry"],"acf":[],"_links":{"self":[{"href":"https:\/\/www.vap-camping.fr\/de\/wp-json\/wp\/v2\/pages\/3141","targetHints":{"allow":["GET"]}}],"collection":[{"href":"https:\/\/www.vap-camping.fr\/de\/wp-json\/wp\/v2\/pages"}],"about":[{"href":"https:\/\/www.vap-camping.fr\/de\/wp-json\/wp\/v2\/types\/page"}],"author":[{"embeddable":true,"href":"https:\/\/www.vap-camping.fr\/de\/wp-json\/wp\/v2\/users\/1"}],"replies":[{"embeddable":true,"href":"https:\/\/www.vap-camping.fr\/de\/wp-json\/wp\/v2\/comments?post=3141"}],"version-history":[{"count":15,"href":"https:\/\/www.vap-camping.fr\/de\/wp-json\/wp\/v2\/pages\/3141\/revisions"}],"predecessor-version":[{"id":8755,"href":"https:\/\/www.vap-camping.fr\/de\/wp-json\/wp\/v2\/pages\/3141\/revisions\/8755"}],"wp:attachment":[{"href":"https:\/\/www.vap-camping.fr\/de\/wp-json\/wp\/v2\/media?parent=3141"}],"curies":[{"name":"wp","href":"https:\/\/api.w.org\/{rel}","templated":true}]}}