{"id":1767,"date":"2025-04-22T07:18:44","date_gmt":"2025-04-22T07:18:44","guid":{"rendered":"https:\/\/www.vap-camping.fr\/accueil\/"},"modified":"2026-04-07T15:14:03","modified_gmt":"2026-04-07T15:14:03","slug":"home","status":"publish","type":"page","link":"https:\/\/www.vap-camping.fr\/en\/","title":{"rendered":"Home"},"content":{"rendered":"\n<div class=\"wp-block-group alignfull is-layout-flow wp-container-core-group-is-layout-8fc0eadb wp-block-group-is-layout-flow\">\n<div class=\"wp-block-plune-blocks-video\" data-autoplay-desktop=\"true\" data-autoplay-mobile=\"false\" data-sound-desktop=\"false\" data-sound-mobile=\"false\" data-loop-desktop=\"true\" data-loop-mobile=\"false\" data-play-on-hover=\"false\" data-key=\"cs4A02RwBa4\" data-start=\"\" data-end=\"\" data-reduction=\"\" data-mobile-key=\"\" data-mobilestart=\"\" data-mobileend=\"\" data-mobile-reduction=\"\" data-mobile-start=\"\" data-mobile-end=\"\" data-aspect=\"16:9\"><div class=\"video   \"><div class=\"iframedom\"><\/div><div class=\"video_push ratio-56-25 \"><\/div><\/div><\/div>\n\n\n\n<div class=\"wp-block-group has-secondary-background-color has-background is-content-justification-center is-layout-flex wp-container-core-group-is-layout-b01b06ca wp-block-group-is-layout-flex\" style=\"margin-top:0px;margin-bottom:0px;padding-top:4rem;padding-bottom:4rem\">\n<p class=\"has-secondary-font-family has-xl-font-size\">Book your vacation  <\/p>\n\n\n<div id=\"resa-form\" class=\"resa-container\">\n    <div class=\"resa-wrapper\">\n        <input type=\"text\" id=\"resa-date\" name=\"resa_date\" required>\n    <\/div>\n    <div class=\"group-wrapper\">\n        <!-- <input type=\"number\" id=\"resa-person\" class=\"resa-person\" name=\"resa_person\" min=\"1\" value=\"1\" required> -->\n        <select id=\"resa-person\" class=\"resa-person\" name=\"resa_person\" required>\n            <option value=\"1\" selected>1<\/option>\n            <option value=\"2\">2<\/option>\n            <option value=\"3\">3<\/option>\n            <option value=\"4\">4<\/option>\n            <option value=\"5\">5<\/option>\n            <option value=\"6\">6<\/option>\n            <option value=\"7\">7<\/option>\n            <option value=\"8\">8<\/option>\n            <option value=\"9\">9<\/option>\n            <option value=\"10\">10<\/option>\n        <\/select>\n    <\/div>\n    <div>\n        <a href=\"#\" target=\"_blank\" id=\"resa-send\" class=\"resa-send\">Envoyer<\/a>\n    <\/div>\n<\/div><\/div>\n\n\n\n<div class=\"wp-block-group has-primary-background-color has-background is-content-justification-center is-layout-flex wp-container-core-group-is-layout-b01b06ca wp-block-group-is-layout-flex\" style=\"margin-top:0px;margin-bottom:0px;padding-top:4rem;padding-bottom:4rem\">\n<p class=\"has-secondary-color has-text-color has-link-color has-secondary-font-family has-sm-font-size wp-elements-594b77f6f84406f4cf281d538e4758bc\">Create your RoadTrip<\/p>\n\n\n\n<div class=\"wp-block-buttons is-layout-flex wp-block-buttons-is-layout-flex\">\n<div class=\"wp-block-button\"><a class=\"wp-block-button__link wp-element-button\" href=\"https:\/\/www.vap-camping.fr\/en\/vap-hebergements\/\">Book<\/a><\/div>\n<\/div>\n<\/div>\n\n\n\n<div class=\"wp-block-group has-global-padding is-layout-constrained wp-block-group-is-layout-constrained\">\n<div class=\"wp-block-group alignwide is-style-title-simple is-layout-flow wp-block-group-is-layout-flow is-style-title-simple--1\" style=\"margin-top:4rem;margin-bottom:4rem\">\n<p class=\"has-text-align-center has-secondary-color has-text-color has-link-color has-secondary-font-family has-xl-font-size wp-elements-4d8403ad6d43ffbd8450897d73ea0b4d\">Choose<\/p>\n\n\n\n<h1 class=\"wp-block-heading has-text-align-center\">Between our Campings &amp; G\u00eetes<\/h1>\n<\/div>\n\n\n<div class=\"campings-wrapper is-layout-flow wp-block-slider-campings-is-layout-flow\">\n            <div class=\"campings-list\">\n                            <div class=\"camping-item\"\n                    style=\"background-image: linear-gradient(to top, rgba(0, 0, 0, 0.6), transparent), url('https:\/\/www.vap-camping.fr\/wp-content\/uploads\/2025\/04\/camping-avec-piscine-1024x767.jpg');\">\n                    <a href=\"https:\/\/www.vap-camping.fr\/en\/campings\/camping-du-lac\/\" title=\"Camping du lac(Foix)\" class=\"camping-link\">\n                        <p class=\"title\">Camping du lac(Foix)<\/p>\n                        <p class=\"camping-button\">Discover<\/p>\n                    <\/a>\n                <\/div>\n                            <div class=\"camping-item\"\n                    style=\"background-image: linear-gradient(to top, rgba(0, 0, 0, 0.6), transparent), url('https:\/\/www.vap-camping.fr\/wp-content\/uploads\/2025\/07\/dji_0589-2-1024x767.jpg');\">\n                    <a href=\"https:\/\/www.vap-camping.fr\/en\/campings\/camping-la-bastide\/\" title=\"Camping la Bastide(Maz\u00e8res)\" class=\"camping-link\">\n                        <p class=\"title\">Camping la Bastide(Maz\u00e8res)<\/p>\n                        <p class=\"camping-button\">Discover<\/p>\n                    <\/a>\n                <\/div>\n                            <div class=\"camping-item\"\n                    style=\"background-image: linear-gradient(to top, rgba(0, 0, 0, 0.6), transparent), url('https:\/\/www.vap-camping.fr\/wp-content\/uploads\/2025\/04\/dsc03930-1024x500.jpg');\">\n                    <a href=\"https:\/\/www.vap-camping.fr\/en\/campings\/camping-le-rupe\/\" title=\"Camping le Rup\u00e9(Toulouse)\" class=\"camping-link\">\n                        <p class=\"title\">Camping le Rup\u00e9(Toulouse)<\/p>\n                        <p class=\"camping-button\">Discover<\/p>\n                    <\/a>\n                <\/div>\n                            <div class=\"camping-item\"\n                    style=\"background-image: linear-gradient(to top, rgba(0, 0, 0, 0.6), transparent), url('https:\/\/www.vap-camping.fr\/wp-content\/uploads\/2025\/04\/img_5291-1024x768-1.jpg');\">\n                    <a href=\"https:\/\/www.vap-camping.fr\/en\/campings\/complexe-des-oustalous\/\" title=\"Oustalous complex\" class=\"camping-link\">\n                        <p class=\"title\">Oustalous complex<\/p>\n                        <p class=\"camping-button\">Discover<\/p>\n                    <\/a>\n                <\/div>\n                            <div class=\"camping-item\"\n                    style=\"background-image: linear-gradient(to top, rgba(0, 0, 0, 0.6), transparent), url('https:\/\/www.vap-camping.fr\/wp-content\/uploads\/2025\/04\/4479-1024x461.jpeg');\">\n                    <a href=\"https:\/\/www.vap-camping.fr\/en\/campings\/camping-le-bourdieu\/\" title=\"Camping Le Bourdieu\" class=\"camping-link\">\n                        <p class=\"title\">Camping Le Bourdieu<\/p>\n                        <p class=\"camping-button\">Discover<\/p>\n                    <\/a>\n                <\/div>\n                    <\/div>\n    <\/div>\n\n<\/div>\n\n\n\n<div class=\"wp-block-group has-global-padding is-layout-constrained wp-block-group-is-layout-constrained\">\n<div class=\"wp-block-columns alignfull m-ti is-layout-flex wp-container-core-columns-is-layout-0c0b91ec wp-block-columns-is-layout-flex\">\n<div class=\"wp-block-column is-vertically-aligned-center leftRight m-ti-text is-layout-flow wp-block-column-is-layout-flow\" style=\"padding-left:10rem;flex-basis:40%\">\n<div class=\"wp-block-group is-style-title-left is-layout-flow wp-block-group-is-layout-flow is-style-title-left--2\">\n<p class=\"has-secondary-color has-text-color has-link-color has-secondary-font-family has-xl-font-size wp-elements-28b221c5a72dd17bbcd5ebcaef3710a8\">Your vacation  <\/p>\n\n\n\n<p class=\"has-primary-color has-text-color has-link-color has-primary-font-family has-sm-font-size wp-elements-43c12e547527682d99822289adae36d7\" style=\"text-transform:uppercase\"><strong>between toulouse and Ari\u00e8ge<\/strong><\/p>\n<\/div>\n\n\n\n<h1 class=\"wp-block-heading text-title\">Stay just a stone&#8217;s throw from Toulouse or in the heart of the Ari\u00e8ge region with your family, friends or group.<\/h1>\n\n\n\n<p class=\"has-link-color has-m-font-size wp-elements-1739071eed0e631d0eb444cdb57aa06f\" style=\"padding-left:2rem\">Welcome to Vacances Ari\u00e8ge Pyr\u00e9n\u00e9es (VAP) &#8211; a group of friends with a passion for hospitality, nature and discovery.<br>Our establishments are located in the heart of the Occitanie region, between <a href=\"https:\/\/www.vap-camping.fr\/en\/campings\/camping-le-rupe\/\" data-type=\"campings\" data-id=\"103\">Toulouse<\/a>, <a href=\"https:\/\/www.vap-camping.fr\/en\/campings\/camping-du-lac\/\" data-type=\"campings\" data-id=\"22\">Foix<\/a>, <a href=\"https:\/\/www.vap-camping.fr\/en\/campings\/camping-la-bastide\/\" data-type=\"campings\" data-id=\"101\">Maz\u00e8res<\/a>, <a href=\"https:\/\/www.vap-camping.fr\/en\/campings\/complexe-des-oustalous\/\" data-type=\"campings\" data-id=\"105\">Les Cabannes<\/a> and <a href=\"https:\/\/www.vap-camping.fr\/en\/campings\/camping-le-bourdieu\/\" data-type=\"campings\" data-id=\"108\">Dufort<\/a>, in ideal locations for exploring the region to your heart&#8217;s content.<\/p>\n\n\n\n<p class=\"has-link-color has-m-font-size wp-elements-583a7b5577fe9f16b198a3a5f7775e68\" style=\"padding-left:2rem\">Whether you like the city, the mountains, the river or the bike paths, each VAP destination offers a unique atmosphere, suitable for families, friends or groups. Enjoy warm hospitality, natural activities and a warm welcome, for a vacation that&#8217;s just like you. <\/p>\n\n\n\n<p class=\"has-link-color has-m-font-size wp-elements-f225fad8fa6b672ee9d21f087c8ee185\" style=\"padding-left:2rem\"><br><\/p>\n<\/div>\n\n\n\n<div class=\"wp-block-column is-vertically-aligned-stretch is-style-travel rightLeft m-ti-image is-layout-flow wp-block-column-is-layout-flow is-style-travel--3\" style=\"flex-basis:60%\">\n<figure class=\"wp-block-image alignright size-large\"><img alt=\"\" decoding=\"async\" width=\"1024\" height=\"683\" src=\"https:\/\/www.vap-camping.fr\/wp-content\/uploads\/2025\/05\/AdobeStock_438796001-1024x683.jpeg\" alt=\"\" class=\"wp-image-1314\" srcset=\"https:\/\/www.vap-camping.fr\/wp-content\/uploads\/2025\/05\/AdobeStock_438796001-1024x683.jpeg 1024w, https:\/\/www.vap-camping.fr\/wp-content\/uploads\/2025\/05\/AdobeStock_438796001-600x400.jpeg 600w, https:\/\/www.vap-camping.fr\/wp-content\/uploads\/2025\/05\/AdobeStock_438796001-768x512.jpeg 768w, https:\/\/www.vap-camping.fr\/wp-content\/uploads\/2025\/05\/AdobeStock_438796001-1536x1024.jpeg 1536w, https:\/\/www.vap-camping.fr\/wp-content\/uploads\/2025\/05\/AdobeStock_438796001-2048x1365.jpeg 2048w\" sizes=\"(max-width: 1024px) 100vw, 1024px\" \/><\/figure>\n<\/div>\n<\/div>\n<\/div>\n\n\n\n<div class=\"wp-block-group fromOpacity has-global-padding is-layout-constrained wp-container-core-group-is-layout-8dcf120e wp-block-group-is-layout-constrained\">\n<div class=\"wp-block-group is-style-title-simple fromTop is-layout-flow wp-block-group-is-layout-flow is-style-title-simple--4\" style=\"margin-top:4rem;margin-bottom:4rem\">\n<p class=\"has-text-align-center has-secondary-color has-text-color has-link-color has-secondary-font-family has-xl-font-size wp-elements-a52d22c1e49e77d0362e27274349b87d\">Discover<\/p>\n\n\n\n<p class=\"has-text-align-center has-sm-font-size\" style=\"text-transform:uppercase\"><strong>Our special offers<\/strong><\/p>\n<\/div>\n\n\n\n<h2 class=\"wp-block-heading has-text-align-center fromOpacity text-title\">Discover our affordable campsites in Ari\u00e8ge and Toulouse<\/h2>\n\n\n\n<div style=\"height:30px\" aria-hidden=\"true\" class=\"wp-block-spacer\"><\/div>\n\n\n\n<div class=\"wp-block-buttons is-content-justification-center is-layout-flex wp-container-core-buttons-is-layout-a89b3969 wp-block-buttons-is-layout-flex\">\n<div class=\"wp-block-button\"><a class=\"wp-block-button__link has-text-align-center wp-element-button\" href=\"https:\/\/www.vap-camping.fr\/en\/offres-promotions\/\">Our special offers<\/a><\/div>\n<\/div>\n<\/div>\n\n\n\n<div class=\"wp-block-group fromOpacity has-global-padding is-layout-constrained wp-container-core-group-is-layout-8dcf120e wp-block-group-is-layout-constrained\">\n<div class=\"wp-block-group is-style-title-simple fromTop is-layout-flow wp-block-group-is-layout-flow is-style-title-simple--5\" style=\"margin-top:4rem;margin-bottom:4rem\">\n<p class=\"has-text-align-center has-secondary-color has-text-color has-link-color has-secondary-font-family has-xl-font-size wp-elements-6e7b2f933837ff08f598a5764e4a25ef\">Why choose<\/p>\n\n\n\n<p class=\"has-text-align-center has-sm-font-size\" style=\"text-transform:uppercase\"><strong>Vap Campings &amp; G\u00eetes<\/strong><\/p>\n<\/div>\n\n\n\n<h2 class=\"wp-block-heading has-text-align-left fromOpacity text-title\">Customized packages for stays at our VAP Vacation homes and Campsites<\/h2>\n\n\n\n<p class=\"has-link-color wp-elements-fe8087bf26a144f23bb3feb01a423113\" style=\"padding-left:2rem\">Our establishments are ideally located between town and nature to discover the Occitanie region from every angle: city, mountain, river&#8230; Enjoy a wide range of activities, from cultural visits to aeronautical and space experiences, thrilling adventures and outdoor activities.<br>Our establishments are easily accessible, close to public transport, cycle paths and train services, making your travels simple and pleasant.<br>And everywhere, you&#8217;ll find the same warm, friendly, human-scale atmosphere that is the hallmark of our campsites and g\u00eetes, for a pleasant, memorable stay.<\/p>\n\n\n\n<p class=\"has-link-color wp-elements-43d7b604c47caee03e79109cbad692fd\" style=\"padding-left:2rem\">Choose <a href=\"https:\/\/www.vap-camping.fr\/en\/camping-4-etoiles-ariege\/\">one or more of the VAP establishments<\/a> and explore the region at your own pace, between nature, heritage adventure and relaxation. And for even greater freedom, opt for VAP packages and put together your own tailor-made stay. <\/p>\n<\/div>\n\n\n\n<div class=\"wp-block-buttons is-content-justification-center is-layout-flex wp-container-core-buttons-is-layout-a89b3969 wp-block-buttons-is-layout-flex\">\n<div class=\"wp-block-button\"><a class=\"wp-block-button__link wp-element-button\" href=\"https:\/\/www.vap-camping.fr\/en\/qui-sommes-nous\/vacances-ariege-pyrenees\/\">Discover our packages<\/a><\/div>\n<\/div>\n\n\n\n<div class=\"wp-block-group fromOpacity is-layout-flow wp-block-group-is-layout-flow has-background\" style=\"padding-top:15rem;background-image:url(&#039;https:\/\/www.vap-camping.fr\/wp-content\/uploads\/2025\/05\/AdobeStock_87361103-scaled.jpeg&#039;);background-size:cover;\">\n<div class=\"wp-block-columns alignfull are-vertically-aligned-bottom is-layout-flex wp-container-core-columns-is-layout-28f84493 wp-block-columns-is-layout-flex\">\n<div class=\"wp-block-column is-vertically-aligned-bottom fromOpacity is-layout-flow wp-block-column-is-layout-flow\" style=\"flex-basis:55%\"><\/div>\n\n\n\n<div class=\"wp-block-column is-vertically-aligned-bottom rightLeft is-layout-flow wp-block-column-is-layout-flow\" style=\"flex-basis:45%\">\n<div class=\"wp-block-group is-bg-rounded is-layout-flow wp-container-core-group-is-layout-75c87b2e wp-block-group-is-layout-flow\">\n<div class=\"wp-block-group is-style-title-flip has-global-padding is-layout-constrained wp-block-group-is-layout-constrained is-style-title-flip--6\">\n<p class=\"has-text-align-right has-secondary-color has-text-color has-link-color has-secondary-font-family has-xl-font-size wp-elements-f4ce7ecfdd792538dd4a3430feae8929\"><strong>Tourism<\/strong><\/p>\n\n\n\n<p class=\"has-text-align-right has-sm-font-size\" style=\"text-transform:uppercase\"><strong>in Occitania &amp; Ari\u00e8ge<\/strong><\/p>\n\n\n\n<h1 class=\"wp-block-heading text-title\">Toulouse, Foix, Maz\u00e8res, Dufort, Les Cabannes&#8230; and even as far as Andorra, each location opens up a unique playground.<\/h1>\n\n\n\n<p>In Toulouse, stroll along the Canal du Midi, marvel at the richness of the pink monuments and the softness of the terraces, or thrill to a legendary match at the Stade Toulousain.  <\/p>\n\n\n\n<p>In &#8216;Ari\u00e8ge, explore mysterious caves, climb medieval castles or pedal along the Voie Verte to breathe the pure air of the In the heart of the mountains, the Cabannes and the Pyrenees offer hiking, white-water sports, relaxation at natural springs and spas, and breathtaking scenery.<br>Whether you&#8217;re alone, with family or friends, each day is built at your own pace, and each experience becomes a memory to share.<br><\/p>\n<\/div>\n\n\n\n<div class=\"wp-block-buttons is-content-justification-right is-layout-flex wp-container-core-buttons-is-layout-d445cf74 wp-block-buttons-is-layout-flex\">\n<div class=\"wp-block-button button is-style-fill\"><a class=\"wp-block-button__link wp-element-button\" href=\"https:\/\/www.vap-camping.fr\/en\/lieux\/\" style=\"padding-top:0px;padding-right:0px;padding-bottom:0px;padding-left:0px\">Discover<\/a><\/div>\n<\/div>\n<\/div>\n<\/div>\n<\/div>\n<\/div>\n\n\n\n<div class=\"wp-block-group reveal has-global-padding is-layout-constrained wp-block-group-is-layout-constrained\">\n<div class=\"wp-block-columns alignfull are-vertically-aligned-center is-faq-wrapper is-layout-flex wp-container-core-columns-is-layout-28f84493 wp-block-columns-is-layout-flex\">\n<div class=\"wp-block-column is-vertically-aligned-center is-layout-flow wp-block-column-is-layout-flow\" style=\"flex-basis:33.33%\">\n<div class=\"wp-block-group is-faq is-layout-flow wp-block-group-is-layout-flow has-background\" style=\"border-radius:100%;background-image:url(&#039;https:\/\/www.vap-camping.fr\/wp-content\/themes\/vap\/assets\/img\/faq.jpg&#039;);background-position:73% 47%;background-size:cover;\"><\/div>\n<\/div>\n\n\n\n<div class=\"wp-block-column is-vertically-aligned-center is-layout-flow wp-block-column-is-layout-flow\" style=\"flex-basis:66.66%\">\n<div class=\"wp-block-group is-style-title-left is-layout-flow wp-block-group-is-layout-flow is-style-title-left--7\">\n<p class=\"has-secondary-color has-text-color has-link-color has-secondary-font-family has-xl-font-size wp-elements-d4af3f373ea63ae87a3eae2fb0e2c34d\">Frequently asked questions<\/p>\n\n\n\n<p class=\"has-primary-color has-text-color has-link-color has-primary-font-family has-sm-font-size wp-elements-882e6a47a36f1433005d469e2f81326d\" style=\"text-transform:uppercase\"><strong>Find out more<\/strong><\/p>\n<\/div>\n\n\n\n<div class=\"wp-block-group has-global-padding is-layout-constrained wp-block-group-is-layout-constrained\">\n<div class=\"pfq\">\n  \n  \n  <nav class=\"pfq__themes\">\n    <h2>Themes<\/h2>\n    <ul>\n      \n        <li class=\"pfq__theme active\" data-pfq-group=\"group-0\">\n          <a href=\"#\">General information<\/a>\n        <\/li>\n\n          <\/ul>\n  <\/nav>\n\n  <div class=\"pfq__questions\">\n    \n      <div class=\"pfq__questions__group visible\" data-pfq-group=\"group-0\">\n\n        <h3>General information<\/h3>\n\n        \n          <div class=\"pfq__question\"  >\n            <h4 class=\"pfq__question__title\">What types of accommodation do you offer?<\/h4>\n            <div class=\"pfq__answer\"><p><span style=\"font-weight: 400;\">We offer mobile homes, chalets, furnished tents as well as spacious g\u00eetes for groups and bare pitches.<\/span><\/p>\n<\/div>\n          <\/div>\n\n        \n          <div class=\"pfq__question\"  >\n            <h4 class=\"pfq__question__title\">Are your facilities accessible by public transport?<\/h4>\n            <div class=\"pfq__answer\"><p><span style=\"font-weight: 400;\">Yes, most of our establishments are close to public transport and accessible by train.<\/span><\/p>\n<\/div>\n          <\/div>\n\n        \n          <div class=\"pfq__question\"  >\n            <h4 class=\"pfq__question__title\">Can I stay at more than one of the group&#039;s campsites?<\/h4>\n            <div class=\"pfq__answer\"><p><span style=\"font-weight: 400;\">Yes, we offer packages enabling you to stay in several of the group&#8217;s establishments.<\/span><\/p>\n<\/div>\n          <\/div>\n\n        \n          <div class=\"pfq__question\"  >\n            <h4 class=\"pfq__question__title\">Do you offer activities for families?<\/h4>\n            <div class=\"pfq__answer\"><p><span style=\"font-weight: 400;\">Yes, we offer family-friendly activities such as entertainment and relaxation during the season.  <\/span><\/p>\n<\/div>\n          <\/div>\n\n        \n          <div class=\"pfq__question\"  >\n            <h4 class=\"pfq__question__title\">Is Wi-Fi available at your campsites?<\/h4>\n            <div class=\"pfq__answer\"><p><span style=\"font-weight: 400;\">Yes, all our establishments offer Wi-Fi access for our guests.<\/span><\/p>\n<\/div>\n          <\/div>\n\n        \n          <div class=\"pfq__question\"  >\n            <h4 class=\"pfq__question__title\">Are your campsites open all year round?<\/h4>\n            <div class=\"pfq__answer\"><p><span style=\"font-weight: 400;\">Our campsites are open in different ways: some are open all year round, others are seasonal.<\/span><\/p>\n<\/div>\n          <\/div>\n\n        \n          <div class=\"pfq__question\"  >\n            <h4 class=\"pfq__question__title\">Are your facilities adapted for people with reduced mobility?<\/h4>\n            <div class=\"pfq__answer\"><p><span style=\"font-weight: 400;\">Yes, we make sure that our facilities are accessible to people with reduced mobility.<\/span><\/p>\n<\/div>\n          <\/div>\n\n        \n          <div class=\"pfq__question\"  >\n            <h4 class=\"pfq__question__title\">Do you offer stays for groups?<\/h4>\n            <div class=\"pfq__answer\"><p><span style=\"font-weight: 400;\">Yes, we welcome groups such as large families, schools and associations.<\/span><\/p>\n<\/div>\n          <\/div>\n\n        \n          <div class=\"pfq__question\"  >\n            <h4 class=\"pfq__question__title\">Is it possible to book activities in advance?<\/h4>\n            <div class=\"pfq__answer\"><p>Yes, some activities can be booked in advance to guarantee your place.<\/p>\n<\/div>\n          <\/div>\n\n        \n          <div class=\"pfq__question\"  >\n            <h4 class=\"pfq__question__title\">Do you provide catering services?<\/h4>\n            <div class=\"pfq__answer\"><p><span style=\"font-weight: 400;\">Yes, some of our facilities offer restaurants, snack bars and takeaway options.<\/span><\/p>\n<\/div>\n          <\/div>\n\n        \n      <\/div>\n\n    \n  <\/div>\n<\/div>\n<\/div>\n<\/div>\n<\/div>\n<\/div>\n<\/div>\n","protected":false},"excerpt":{"rendered":"<p>Book your vacation Create your RoadTrip Choose Between our Campings &amp; G\u00eetes Your vacation between toulouse and Ari\u00e8ge Stay just a stone&#8217;s throw from Toulouse or in the heart of the Ari\u00e8ge region with your family, friends or group. Welcome to Vacances Ari\u00e8ge Pyr\u00e9n\u00e9es (VAP) &#8211; a group of friends with a passion for hospitality, [&hellip;]<\/p>\n","protected":false},"author":1,"featured_media":0,"parent":0,"menu_order":86,"comment_status":"closed","ping_status":"closed","template":"","meta":{"_acf_changed":false,"_seopress_robots_primary_cat":"","_seopress_titles_title":"Camping Holidays Ari\u00e8ge-Pyr\u00e9n\u00e9es | 3 & 4-Star Campsites and G\u00eetes in Ari\u00e8ge","_seopress_titles_desc":"Head off on holiday in the heart of the Ari\u00e8ge-Pyr\u00e9n\u00e9es with our small, family-friendly campsites. Nature, authenticity, and accommodation to suit every type of stay.","_seopress_robots_index":"","ouverture":"","nombre_de_locations":"","nombre_demplacements":"","adresse":"","numero_de_telephone":"","email":"","url_du_site":"","footnotes":""},"class_list":["post-1767","page","type-page","status-publish","hentry"],"acf":[],"_links":{"self":[{"href":"https:\/\/www.vap-camping.fr\/en\/wp-json\/wp\/v2\/pages\/1767","targetHints":{"allow":["GET"]}}],"collection":[{"href":"https:\/\/www.vap-camping.fr\/en\/wp-json\/wp\/v2\/pages"}],"about":[{"href":"https:\/\/www.vap-camping.fr\/en\/wp-json\/wp\/v2\/types\/page"}],"author":[{"embeddable":true,"href":"https:\/\/www.vap-camping.fr\/en\/wp-json\/wp\/v2\/users\/1"}],"replies":[{"embeddable":true,"href":"https:\/\/www.vap-camping.fr\/en\/wp-json\/wp\/v2\/comments?post=1767"}],"version-history":[{"count":13,"href":"https:\/\/www.vap-camping.fr\/en\/wp-json\/wp\/v2\/pages\/1767\/revisions"}],"predecessor-version":[{"id":8753,"href":"https:\/\/www.vap-camping.fr\/en\/wp-json\/wp\/v2\/pages\/1767\/revisions\/8753"}],"wp:attachment":[{"href":"https:\/\/www.vap-camping.fr\/en\/wp-json\/wp\/v2\/media?parent=1767"}],"curies":[{"name":"wp","href":"https:\/\/api.w.org\/{rel}","templated":true}]}}