{"id":6035,"date":"2026-01-29T18:23:16","date_gmt":"2026-01-29T18:23:16","guid":{"rendered":"https:\/\/www.vap-camping.fr\/actualites-vap\/"},"modified":"2026-03-11T16:10:39","modified_gmt":"2026-03-11T16:10:39","slug":"actualites-vap","status":"publish","type":"page","link":"https:\/\/www.vap-camping.fr\/en\/actualites-vap\/","title":{"rendered":"News"},"content":{"rendered":"\n<div class=\"wp-block-group alignfull is-layout-flow wp-block-group-is-layout-flow\">\n<div class=\"wp-block-group hero-camp is-layout-flow wp-block-group-is-layout-flow\" style=\"margin-bottom:20rem\">\n<div class=\"wp-block-group alignfull hero-img is-layout-flow wp-block-group-is-layout-flow\">\n<figure class=\"wp-block-image size-full\"><img decoding=\"async\" width=\"2560\" height=\"1714\" src=\"https:\/\/www.vap-camping.fr\/wp-content\/uploads\/2025\/05\/AdobeStock_12111915-scaled.jpeg\" alt=\"winter\" class=\"wp-image-1150\" srcset=\"https:\/\/www.vap-camping.fr\/wp-content\/uploads\/2025\/05\/AdobeStock_12111915-scaled.jpeg 2560w, https:\/\/www.vap-camping.fr\/wp-content\/uploads\/2025\/05\/AdobeStock_12111915-600x402.jpeg 600w, https:\/\/www.vap-camping.fr\/wp-content\/uploads\/2025\/05\/AdobeStock_12111915-1024x685.jpeg 1024w, https:\/\/www.vap-camping.fr\/wp-content\/uploads\/2025\/05\/AdobeStock_12111915-768x514.jpeg 768w, https:\/\/www.vap-camping.fr\/wp-content\/uploads\/2025\/05\/AdobeStock_12111915-1536x1028.jpeg 1536w, https:\/\/www.vap-camping.fr\/wp-content\/uploads\/2025\/05\/AdobeStock_12111915-2048x1371.jpeg 2048w\" sizes=\"(max-width: 2560px) 100vw, 2560px\" \/><\/figure>\n<\/div>\n\n\n\n<div class=\"wp-block-group hero-desc has-secondary-background-color has-background is-layout-flow wp-block-group-is-layout-flow\" style=\"border-top-right-radius:90px;border-bottom-right-radius:90px;padding-top:2rem;padding-bottom:2rem;padding-left:5rem\"><h1 style=\"font-size:clamp(3.037rem, 3.037rem + ((1vw - 0.2rem) * 4.018), 6rem);\" class=\"has-link-color wp-elements-971196805a816ee349c8ae4f34a1c7a7 wp-block-post-title has-text-color has-white-color has-secondary-font-family\">News<\/h1>\n\n\n<div class=\"wp-block-group is-nowrap is-layout-flex wp-container-core-group-is-layout-3b4e9d3e wp-block-group-is-layout-flex\">\n<p class=\"has-white-color has-text-color has-link-color has-sm-font-size wp-elements-26751e504f0fa74092ac2551dc31ec52\" style=\"font-style:normal;font-weight:500;text-transform:uppercase\">About our facilities<\/p>\n\n\n\n<p class=\"has-white-color has-text-color has-link-color has-sm-font-size wp-elements-0f39d525d9bd49241929159ddac38499\" style=\"font-style:normal;font-weight:500;text-transform:uppercase\">| Campings VAP<\/p>\n<\/div>\n<\/div>\n<\/div>\n\n\n\n<div class=\"wp-block-group has-global-padding is-layout-constrained wp-container-core-group-is-layout-530ec779 wp-block-group-is-layout-constrained\">\n<div class=\"wp-block-query is-layout-flow wp-block-query-is-layout-flow\"><ul class=\"columns-2 wp-block-post-template is-layout-grid wp-container-core-post-template-is-layout-7ad96705 wp-block-post-template-is-layout-grid\"><li class=\"wp-block-post post-8567 post type-post status-publish format-standard has-post-thumbnail hentry category-news category-non-categorise\">\n<figure class=\"wp-block-post-featured-image\"><a href=\"https:\/\/www.vap-camping.fr\/en\/un-camping-engage-pour-la-biodiversite-urbaine\/\" target=\"_self\"  ><img decoding=\"async\" width=\"1024\" height=\"683\" src=\"https:\/\/www.vap-camping.fr\/wp-content\/uploads\/2026\/04\/image-27-1024x683.jpeg\" class=\"attachment-large size-large wp-post-image\" alt=\"A campsite committed to urban biodiversity\" style=\"object-fit:cover;\" srcset=\"https:\/\/www.vap-camping.fr\/wp-content\/uploads\/2026\/04\/image-27-1024x683.jpeg 1024w, https:\/\/www.vap-camping.fr\/wp-content\/uploads\/2026\/04\/image-27-600x400.jpeg 600w, https:\/\/www.vap-camping.fr\/wp-content\/uploads\/2026\/04\/image-27-768x512.jpeg 768w, https:\/\/www.vap-camping.fr\/wp-content\/uploads\/2026\/04\/image-27.jpeg 1536w\" sizes=\"(max-width: 1024px) 100vw, 1024px\" \/><\/a><\/figure>\n\n<h2 class=\"wp-block-post-title\">A campsite committed to urban biodiversity<\/h2>\n<\/li><li class=\"wp-block-post post-8573 post type-post status-publish format-standard has-post-thumbnail hentry category-non-categorise\">\n<figure class=\"wp-block-post-featured-image\"><a href=\"https:\/\/www.vap-camping.fr\/en\/camping-4-etoiles-a-foix-avec-snack-et-animations\/\" target=\"_self\"  ><img decoding=\"async\" width=\"1024\" height=\"683\" src=\"https:\/\/www.vap-camping.fr\/wp-content\/uploads\/2026\/03\/2fd48b36-5f01-4fdd-825e-36fd23fb7c4d-1024x683.png\" class=\"attachment-large size-large wp-post-image\" alt=\"4-star campsite in Foix with snack bar and entertainment\" style=\"object-fit:cover;\" srcset=\"https:\/\/www.vap-camping.fr\/wp-content\/uploads\/2026\/03\/2fd48b36-5f01-4fdd-825e-36fd23fb7c4d-1024x683.png 1024w, https:\/\/www.vap-camping.fr\/wp-content\/uploads\/2026\/03\/2fd48b36-5f01-4fdd-825e-36fd23fb7c4d-600x400.png 600w, https:\/\/www.vap-camping.fr\/wp-content\/uploads\/2026\/03\/2fd48b36-5f01-4fdd-825e-36fd23fb7c4d-768x512.png 768w, https:\/\/www.vap-camping.fr\/wp-content\/uploads\/2026\/03\/2fd48b36-5f01-4fdd-825e-36fd23fb7c4d.png 1536w\" sizes=\"(max-width: 1024px) 100vw, 1024px\" \/><\/a><\/figure>\n\n<h2 class=\"wp-block-post-title\">4-star campsite in Foix with snack bar and entertainment<\/h2>\n<\/li><li class=\"wp-block-post post-8568 post type-post status-publish format-standard has-post-thumbnail hentry category-non-categorise\">\n<figure class=\"wp-block-post-featured-image\"><a href=\"https:\/\/www.vap-camping.fr\/en\/camping-ou-hotel-pour-votre-sejour-a-toulouse\/\" target=\"_self\"  ><img decoding=\"async\" width=\"1024\" height=\"683\" src=\"https:\/\/www.vap-camping.fr\/wp-content\/uploads\/2026\/03\/image-21-1024x683.jpeg\" class=\"attachment-large size-large wp-post-image\" alt=\"Camping or Hotel for your stay in Toulouse?\" style=\"object-fit:cover;\" srcset=\"https:\/\/www.vap-camping.fr\/wp-content\/uploads\/2026\/03\/image-21-1024x683.jpeg 1024w, https:\/\/www.vap-camping.fr\/wp-content\/uploads\/2026\/03\/image-21-600x400.jpeg 600w, https:\/\/www.vap-camping.fr\/wp-content\/uploads\/2026\/03\/image-21-768x512.jpeg 768w, https:\/\/www.vap-camping.fr\/wp-content\/uploads\/2026\/03\/image-21.jpeg 1536w\" sizes=\"(max-width: 1024px) 100vw, 1024px\" \/><\/a><\/figure>\n\n<h2 class=\"wp-block-post-title\">Camping or Hotel for your stay in Toulouse?<\/h2>\n<\/li><li class=\"wp-block-post post-8588 post type-post status-publish format-standard has-post-thumbnail hentry category-non-categorise\">\n<figure class=\"wp-block-post-featured-image\"><a href=\"https:\/\/www.vap-camping.fr\/en\/quel-hebergement-choisir-pour-vos-vacances-en-ariege\/\" target=\"_self\"  ><img decoding=\"async\" width=\"1024\" height=\"767\" src=\"https:\/\/www.vap-camping.fr\/wp-content\/uploads\/2025\/04\/sky-view-pool-mazeres-1024x767.jpg\" class=\"attachment-large size-large wp-post-image\" alt=\"What accommodation should you choose for your vacation in Ari\u00e8ge?\" style=\"object-fit:cover;\" srcset=\"https:\/\/www.vap-camping.fr\/wp-content\/uploads\/2025\/04\/sky-view-pool-mazeres-1024x767.jpg 1024w, https:\/\/www.vap-camping.fr\/wp-content\/uploads\/2025\/04\/sky-view-pool-mazeres-600x450.jpg 600w, https:\/\/www.vap-camping.fr\/wp-content\/uploads\/2025\/04\/sky-view-pool-mazeres-768x575.jpg 768w, https:\/\/www.vap-camping.fr\/wp-content\/uploads\/2025\/04\/sky-view-pool-mazeres-1536x1151.jpg 1536w, https:\/\/www.vap-camping.fr\/wp-content\/uploads\/2025\/04\/sky-view-pool-mazeres-2048x1534.jpg 2048w\" sizes=\"(max-width: 1024px) 100vw, 1024px\" \/><\/a><\/figure>\n\n<h2 class=\"wp-block-post-title\">What accommodation should you choose for your vacation in Ari\u00e8ge?<\/h2>\n<\/li><li class=\"wp-block-post post-8577 post type-post status-publish format-standard has-post-thumbnail hentry category-non-categorise\">\n<figure class=\"wp-block-post-featured-image\"><a href=\"https:\/\/www.vap-camping.fr\/en\/toulouse-a-velo-depuis-le-rupe\/\" target=\"_self\"  ><img decoding=\"async\" width=\"1024\" height=\"683\" src=\"https:\/\/www.vap-camping.fr\/wp-content\/uploads\/2026\/03\/image-14-1024x683.jpeg\" class=\"attachment-large size-large wp-post-image\" alt=\"Toulouse by bike from the Rup\u00e9\" style=\"object-fit:cover;\" srcset=\"https:\/\/www.vap-camping.fr\/wp-content\/uploads\/2026\/03\/image-14-1024x683.jpeg 1024w, https:\/\/www.vap-camping.fr\/wp-content\/uploads\/2026\/03\/image-14-600x400.jpeg 600w, https:\/\/www.vap-camping.fr\/wp-content\/uploads\/2026\/03\/image-14-768x512.jpeg 768w, https:\/\/www.vap-camping.fr\/wp-content\/uploads\/2026\/03\/image-14.jpeg 1536w\" sizes=\"(max-width: 1024px) 100vw, 1024px\" \/><\/a><\/figure>\n\n<h2 class=\"wp-block-post-title\">Toulouse by bike from the Rup\u00e9<\/h2>\n<\/li><li class=\"wp-block-post post-8587 post type-post status-publish format-standard has-post-thumbnail hentry category-non-categorise\">\n<figure class=\"wp-block-post-featured-image\"><a href=\"https:\/\/www.vap-camping.fr\/en\/le-week-end-de-pentecote-2026-en-ariege\/\" target=\"_self\"  ><img decoding=\"async\" width=\"1024\" height=\"768\" src=\"https:\/\/www.vap-camping.fr\/wp-content\/uploads\/2025\/05\/AdobeStock_1312971900-1024x768.jpeg\" class=\"attachment-large size-large wp-post-image\" alt=\"Pentecost weekend 2026 in Ari\u00e8ge\" style=\"object-fit:cover;\" srcset=\"https:\/\/www.vap-camping.fr\/wp-content\/uploads\/2025\/05\/AdobeStock_1312971900-1024x768.jpeg 1024w, https:\/\/www.vap-camping.fr\/wp-content\/uploads\/2025\/05\/AdobeStock_1312971900-600x450.jpeg 600w, https:\/\/www.vap-camping.fr\/wp-content\/uploads\/2025\/05\/AdobeStock_1312971900-768x576.jpeg 768w, https:\/\/www.vap-camping.fr\/wp-content\/uploads\/2025\/05\/AdobeStock_1312971900-1536x1152.jpeg 1536w, https:\/\/www.vap-camping.fr\/wp-content\/uploads\/2025\/05\/AdobeStock_1312971900-2048x1536.jpeg 2048w\" sizes=\"(max-width: 1024px) 100vw, 1024px\" \/><\/a><\/figure>\n\n<h2 class=\"wp-block-post-title\">Pentecost weekend 2026 in Ari\u00e8ge<\/h2>\n<\/li><li class=\"wp-block-post post-8239 post type-post status-publish format-standard has-post-thumbnail hentry category-actualites\">\n<figure class=\"wp-block-post-featured-image\"><a href=\"https:\/\/www.vap-camping.fr\/en\/ariege-en-moto\/\" target=\"_self\"  ><img decoding=\"async\" width=\"1024\" height=\"683\" src=\"https:\/\/www.vap-camping.fr\/wp-content\/uploads\/2026\/03\/image-12-1024x683.jpeg\" class=\"attachment-large size-large wp-post-image\" alt=\"Motorcycling in Ari\u00e8ge for the ascent\" style=\"object-fit:cover;\" srcset=\"https:\/\/www.vap-camping.fr\/wp-content\/uploads\/2026\/03\/image-12-1024x683.jpeg 1024w, https:\/\/www.vap-camping.fr\/wp-content\/uploads\/2026\/03\/image-12-600x400.jpeg 600w, https:\/\/www.vap-camping.fr\/wp-content\/uploads\/2026\/03\/image-12-768x512.jpeg 768w, https:\/\/www.vap-camping.fr\/wp-content\/uploads\/2026\/03\/image-12.jpeg 1536w\" sizes=\"(max-width: 1024px) 100vw, 1024px\" \/><\/a><\/figure>\n\n<h2 class=\"wp-block-post-title\">Motorcycling in Ari\u00e8ge for the ascent<\/h2>\n<\/li><li class=\"wp-block-post post-8228 post type-post status-publish format-standard has-post-thumbnail hentry category-actualites\">\n<figure class=\"wp-block-post-featured-image\"><a href=\"https:\/\/www.vap-camping.fr\/en\/que-faire-pour-le-week-end-du-08-mai-a-foix\/\" target=\"_self\"  ><img decoding=\"async\" width=\"1024\" height=\"772\" src=\"https:\/\/www.vap-camping.fr\/wp-content\/uploads\/2025\/07\/chateau-de-foix_ariege.jpg\" class=\"attachment-large size-large wp-post-image\" alt=\"What to do in Foix for the May 08 weekend?\" style=\"object-fit:cover;\" srcset=\"https:\/\/www.vap-camping.fr\/wp-content\/uploads\/2025\/07\/chateau-de-foix_ariege.jpg 1024w, https:\/\/www.vap-camping.fr\/wp-content\/uploads\/2025\/07\/chateau-de-foix_ariege-600x452.jpg 600w, https:\/\/www.vap-camping.fr\/wp-content\/uploads\/2025\/07\/chateau-de-foix_ariege-768x579.jpg 768w\" sizes=\"(max-width: 1024px) 100vw, 1024px\" \/><\/a><\/figure>\n\n<h2 class=\"wp-block-post-title\">What to do in Foix for the May 08 weekend?<\/h2>\n<\/li><li class=\"wp-block-post post-8216 post type-post status-publish format-standard has-post-thumbnail hentry category-non-categorise\">\n<figure class=\"wp-block-post-featured-image\"><a href=\"https:\/\/www.vap-camping.fr\/en\/rdv-au-snack-du-camping-du-lac-pour-vivre-la-fifa-2026-ensemble\/\" target=\"_self\"  ><img decoding=\"async\" width=\"1024\" height=\"683\" src=\"https:\/\/www.vap-camping.fr\/wp-content\/uploads\/2026\/03\/image-4-1024x683.jpeg\" class=\"attachment-large size-large wp-post-image\" alt=\"Join us at the Camping du Lac snack bar to experience the FIFA World Cup together!\" style=\"object-fit:cover;\" srcset=\"https:\/\/www.vap-camping.fr\/wp-content\/uploads\/2026\/03\/image-4-1024x683.jpeg 1024w, https:\/\/www.vap-camping.fr\/wp-content\/uploads\/2026\/03\/image-4-600x400.jpeg 600w, https:\/\/www.vap-camping.fr\/wp-content\/uploads\/2026\/03\/image-4-768x512.jpeg 768w, https:\/\/www.vap-camping.fr\/wp-content\/uploads\/2026\/03\/image-4.jpeg 1536w\" sizes=\"(max-width: 1024px) 100vw, 1024px\" \/><\/a><\/figure>\n\n<h2 class=\"wp-block-post-title\">Join us at the Camping du Lac snack bar to experience the FIFA World Cup together!<\/h2>\n<\/li><li class=\"wp-block-post post-8226 post type-post status-publish format-standard has-post-thumbnail hentry category-non-categorise\">\n<figure class=\"wp-block-post-featured-image\"><a href=\"https:\/\/www.vap-camping.fr\/en\/week-end-proche-toulouse\/\" target=\"_self\"  ><img decoding=\"async\" width=\"1024\" height=\"683\" src=\"https:\/\/www.vap-camping.fr\/wp-content\/uploads\/2026\/03\/idees-week-end-autour-toulouse-1024x683.webp\" class=\"attachment-large size-large wp-post-image\" alt=\"Top ideas for a weekend getaway near Toulouse\" style=\"object-fit:cover;\" srcset=\"https:\/\/www.vap-camping.fr\/wp-content\/uploads\/2026\/03\/idees-week-end-autour-toulouse-1024x683.webp 1024w, https:\/\/www.vap-camping.fr\/wp-content\/uploads\/2026\/03\/idees-week-end-autour-toulouse-600x400.webp 600w, https:\/\/www.vap-camping.fr\/wp-content\/uploads\/2026\/03\/idees-week-end-autour-toulouse-768x512.webp 768w, https:\/\/www.vap-camping.fr\/wp-content\/uploads\/2026\/03\/idees-week-end-autour-toulouse-1536x1024.webp 1536w, https:\/\/www.vap-camping.fr\/wp-content\/uploads\/2026\/03\/idees-week-end-autour-toulouse.webp 1920w\" sizes=\"(max-width: 1024px) 100vw, 1024px\" \/><\/a><\/figure>\n\n<h2 class=\"wp-block-post-title\">Top ideas for a weekend getaway near Toulouse<\/h2>\n<\/li><\/ul>\n\n<nav class=\"wp-block-query-pagination is-layout-flex wp-block-query-pagination-is-layout-flex\" aria-label=\"Pagination\">\n\n\n<div class=\"wp-block-query-pagination-numbers\"><span aria-current=\"page\" class=\"page-numbers current\">1<\/span>\n<a class=\"page-numbers\" href=\"?query-9-page=2\">2<\/a>\n<a class=\"page-numbers\" href=\"?query-9-page=3\">3<\/a><\/div>\n\n<a href=\"\/en\/wp-json\/wp\/v2\/pages\/6035?query-9-page=2\" class=\"wp-block-query-pagination-next\">Next Page<\/a>\n<\/nav>\n\n<\/div>\n<\/div>\n<\/div>\n\n<p><\/p>\n","protected":false},"excerpt":{"rendered":"<p>About our facilities | Campings VAP<\/p>\n","protected":false},"author":1,"featured_media":976,"parent":0,"menu_order":6,"comment_status":"closed","ping_status":"closed","template":"","meta":{"_acf_changed":false,"_seopress_robots_primary_cat":"","_seopress_titles_title":"News %%sep%% %%sitetitle%%","_seopress_titles_desc":"News from VAP Campings in Ari\u00e8ge-Pyr\u00e9n\u00e9es. Keep up to date with the latest news and events for your next vacation. ","_seopress_robots_index":"","ouverture":"","nombre_de_locations":"","nombre_demplacements":"","adresse":"","numero_de_telephone":"","email":"","url_du_site":"","footnotes":""},"class_list":["post-6035","page","type-page","status-publish","has-post-thumbnail","hentry"],"acf":[],"_links":{"self":[{"href":"https:\/\/www.vap-camping.fr\/en\/wp-json\/wp\/v2\/pages\/6035","targetHints":{"allow":["GET"]}}],"collection":[{"href":"https:\/\/www.vap-camping.fr\/en\/wp-json\/wp\/v2\/pages"}],"about":[{"href":"https:\/\/www.vap-camping.fr\/en\/wp-json\/wp\/v2\/types\/page"}],"author":[{"embeddable":true,"href":"https:\/\/www.vap-camping.fr\/en\/wp-json\/wp\/v2\/users\/1"}],"replies":[{"embeddable":true,"href":"https:\/\/www.vap-camping.fr\/en\/wp-json\/wp\/v2\/comments?post=6035"}],"version-history":[{"count":5,"href":"https:\/\/www.vap-camping.fr\/en\/wp-json\/wp\/v2\/pages\/6035\/revisions"}],"predecessor-version":[{"id":8134,"href":"https:\/\/www.vap-camping.fr\/en\/wp-json\/wp\/v2\/pages\/6035\/revisions\/8134"}],"wp:featuredmedia":[{"embeddable":true,"href":"https:\/\/www.vap-camping.fr\/en\/wp-json\/wp\/v2\/media\/976"}],"wp:attachment":[{"href":"https:\/\/www.vap-camping.fr\/en\/wp-json\/wp\/v2\/media?parent=6035"}],"curies":[{"name":"wp","href":"https:\/\/api.w.org\/{rel}","templated":true}]}}