{"id":2858,"date":"2025-04-29T15:03:12","date_gmt":"2025-04-29T15:03:12","guid":{"rendered":"https:\/\/www.vap-camping.fr\/qui-sommes-nous\/"},"modified":"2026-01-29T23:14:48","modified_gmt":"2026-01-29T23:14:48","slug":"qui-sommes-nous","status":"publish","type":"page","link":"https:\/\/www.vap-camping.fr\/es\/qui-sommes-nous\/","title":{"rendered":"\u00bfQui\u00e9nes somos?"},"content":{"rendered":"\n<div class=\"wp-block-group alignfull is-layout-flow wp-container-core-group-is-layout-eb36060f wp-block-group-is-layout-flow\" style=\"margin-top:10rem\">\n<div style=\"background-image:url(&#039;https:\/\/www.vap-camping.fr\/wp-content\/uploads\/2025\/04\/DSC_3541-scaled.jpg&#039;);background-size:cover;\" class=\"wp-block-group bg-img-part fromTop is-layout-flow wp-block-group-is-layout-flow has-background\">\n<div class=\"wp-block-columns alignfull is-layout-flex wp-container-core-columns-is-layout-28f84493 wp-block-columns-is-layout-flex\">\n<div class=\"wp-block-column part-void is-layout-flow wp-block-column-is-layout-flow\" style=\"flex-basis:55%\"><\/div>\n\n\n\n<div class=\"wp-block-column part-content is-layout-flow wp-block-column-is-layout-flow\" style=\"flex-basis:45%\">\n<div class=\"wp-block-group is-bg-rounded is-layout-flow wp-container-core-group-is-layout-75c87b2e wp-block-group-is-layout-flow\">\n<div class=\"wp-block-group is-style-title-flip has-global-padding is-layout-constrained wp-block-group-is-layout-constrained is-style-title-flip--1\">\n<p class=\"has-text-align-right has-secondary-font-family has-xl-font-size\">Una pasi\u00f3n<\/p>\n\n\n\n<p class=\"has-text-align-right has-sm-font-size\" style=\"text-transform:uppercase\"><strong>compartir<\/strong><\/p>\n\n\n\n<h1 class=\"wp-block-heading has-text-align-right text-title\">En VAP, \u00a1te acogemos en nuestros campings y casas rurales con la misma pasi\u00f3n!<\/h1>\n\n\n\n<p>Somos amigos apasionados por el turismo y la hospitalidad, y gestionamos nuestros propios campings y casas rurales. Cada establecimiento refleja nuestro deseo de compartir unas vacaciones c\u00e1lidas, acogedoras y aut\u00e9nticas con la familia, los amigos o los grupos. <\/p>\n\n\n\n<p>En VAP Camping, nuestro mayor placer es hacerte descubrir la regi\u00f3n de Ari\u00e8ge y la ciudad rosa de Toulouse, nuestras actividades y nuestros paisajes, respetando la naturaleza y la convivencia.<\/p>\n<\/div>\n\n\n\n<div class=\"wp-block-buttons is-content-justification-right is-layout-flex wp-container-core-buttons-is-layout-d445cf74 wp-block-buttons-is-layout-flex\">\n<div class=\"wp-block-button\"><a class=\"wp-block-button__link wp-element-button\" href=\"https:\/\/www.vap-camping.fr\/es\/vap-hebergements\/\">Solicita un presupuesto para el paquete VAP<\/a><\/div>\n<\/div>\n<\/div>\n<\/div>\n<\/div>\n<\/div>\n\n\n\n<div class=\"wp-block-group fromTop has-global-padding is-layout-constrained wp-block-group-is-layout-constrained\">\n<div class=\"wp-block-group alignwide is-style-title-simple is-layout-flow wp-block-group-is-layout-flow is-style-title-simple--2\" style=\"margin-top:4rem;margin-bottom:4rem\">\n<p class=\"has-text-align-center has-secondary-color has-text-color has-link-color has-secondary-font-family has-xl-font-size wp-elements-e48e16d9035d0de8ebb2a9a8c81849fc\">Nuestros establecimientos<\/p>\n\n\n\n<p class=\"has-text-align-center has-primary-font-family has-sm-font-size\" style=\"text-transform:uppercase\"><strong>hecho para ti<\/strong><\/p>\n<\/div>\n\n\n<div class=\"campings-wrapper is-layout-flow wp-block-slider-campings-is-layout-flow\">\n            <div class=\"campings-list\">\n                            <div class=\"camping-item\"\n                    style=\"background-image: linear-gradient(to top, rgba(0, 0, 0, 0.6), transparent), url('https:\/\/www.vap-camping.fr\/wp-content\/uploads\/2025\/04\/camping-avec-piscine-1024x767.jpg');\">\n                    <a href=\"https:\/\/www.vap-camping.fr\/es\/campings\/camping-du-lac\/\" title=\"Camping du lac(Foix)\" class=\"camping-link\">\n                        <p class=\"title\">Camping du lac(Foix)<\/p>\n                        <p class=\"camping-button\">Descubre<\/p>\n                    <\/a>\n                <\/div>\n                            <div class=\"camping-item\"\n                    style=\"background-image: linear-gradient(to top, rgba(0, 0, 0, 0.6), transparent), url('https:\/\/www.vap-camping.fr\/wp-content\/uploads\/2025\/07\/dji_0589-2-1024x767.jpg');\">\n                    <a href=\"https:\/\/www.vap-camping.fr\/es\/campings\/camping-la-bastide\/\" title=\"Camping la Bastide(Maz\u00e8res)\" class=\"camping-link\">\n                        <p class=\"title\">Camping la Bastide(Maz\u00e8res)<\/p>\n                        <p class=\"camping-button\">Descubre<\/p>\n                    <\/a>\n                <\/div>\n                            <div class=\"camping-item\"\n                    style=\"background-image: linear-gradient(to top, rgba(0, 0, 0, 0.6), transparent), url('https:\/\/www.vap-camping.fr\/wp-content\/uploads\/2025\/04\/dsc03930-1024x500.jpg');\">\n                    <a href=\"https:\/\/www.vap-camping.fr\/es\/campings\/camping-le-rupe\/\" title=\"Camping le Rup\u00e9(Toulouse)\" class=\"camping-link\">\n                        <p class=\"title\">Camping le Rup\u00e9(Toulouse)<\/p>\n                        <p class=\"camping-button\">Descubre<\/p>\n                    <\/a>\n                <\/div>\n                            <div class=\"camping-item\"\n                    style=\"background-image: linear-gradient(to top, rgba(0, 0, 0, 0.6), transparent), url('https:\/\/www.vap-camping.fr\/wp-content\/uploads\/2025\/04\/img_5291-1024x768-1.jpg');\">\n                    <a href=\"https:\/\/www.vap-camping.fr\/es\/campings\/oustalous-complex\/\" title=\"Complejo Les Oustalous\" class=\"camping-link\">\n                        <p class=\"title\">Complejo Les Oustalous<\/p>\n                        <p class=\"camping-button\">Descubre<\/p>\n                    <\/a>\n                <\/div>\n                            <div class=\"camping-item\"\n                    style=\"background-image: linear-gradient(to top, rgba(0, 0, 0, 0.6), transparent), url('https:\/\/www.vap-camping.fr\/wp-content\/uploads\/2025\/04\/4479-1024x461.jpeg');\">\n                    <a href=\"https:\/\/www.vap-camping.fr\/es\/campings\/camping-le-bourdieu\/\" title=\"Camping Le Bourdieu\" class=\"camping-link\">\n                        <p class=\"title\">Camping Le Bourdieu<\/p>\n                        <p class=\"camping-button\">Descubre<\/p>\n                    <\/a>\n                <\/div>\n                    <\/div>\n    <\/div>\n\n<\/div>\n<\/div>\n","protected":false},"excerpt":{"rendered":"<p>Una pasi\u00f3n compartir En VAP, \u00a1te acogemos en nuestros campings y casas rurales con la misma pasi\u00f3n! Somos amigos apasionados por el turismo y la hospitalidad, y gestionamos nuestros propios campings y casas rurales. Cada establecimiento refleja nuestro deseo de compartir unas vacaciones c\u00e1lidas, acogedoras y aut\u00e9nticas con la familia, los amigos o los grupos. [&hellip;]<\/p>\n","protected":false},"author":1,"featured_media":2629,"parent":0,"menu_order":80,"comment_status":"closed","ping_status":"closed","template":"","meta":{"_acf_changed":false,"_seopress_robots_primary_cat":"","_seopress_titles_title":"\u00bfQui\u00e9nes somos? | Campings Vacances Ari\u00e8ge Pyr\u00e9n\u00e9es","_seopress_titles_desc":"Descubre Campings Vacances Ari\u00e8ge Pyr\u00e9n\u00e9es: un grupo de entusiastas que ofrecen vacaciones aut\u00e9nticas, humanas y acogedoras en el coraz\u00f3n de los Pirineos.","_seopress_robots_index":"","ouverture":"","nombre_de_locations":"","nombre_demplacements":"","adresse":"","numero_de_telephone":"","email":"","url_du_site":"","footnotes":""},"class_list":["post-2858","page","type-page","status-publish","has-post-thumbnail","hentry"],"acf":[],"_links":{"self":[{"href":"https:\/\/www.vap-camping.fr\/es\/wp-json\/wp\/v2\/pages\/2858","targetHints":{"allow":["GET"]}}],"collection":[{"href":"https:\/\/www.vap-camping.fr\/es\/wp-json\/wp\/v2\/pages"}],"about":[{"href":"https:\/\/www.vap-camping.fr\/es\/wp-json\/wp\/v2\/types\/page"}],"author":[{"embeddable":true,"href":"https:\/\/www.vap-camping.fr\/es\/wp-json\/wp\/v2\/users\/1"}],"replies":[{"embeddable":true,"href":"https:\/\/www.vap-camping.fr\/es\/wp-json\/wp\/v2\/comments?post=2858"}],"version-history":[{"count":3,"href":"https:\/\/www.vap-camping.fr\/es\/wp-json\/wp\/v2\/pages\/2858\/revisions"}],"predecessor-version":[{"id":6183,"href":"https:\/\/www.vap-camping.fr\/es\/wp-json\/wp\/v2\/pages\/2858\/revisions\/6183"}],"wp:featuredmedia":[{"embeddable":true,"href":"https:\/\/www.vap-camping.fr\/es\/wp-json\/wp\/v2\/media\/2629"}],"wp:attachment":[{"href":"https:\/\/www.vap-camping.fr\/es\/wp-json\/wp\/v2\/media?parent=2858"}],"curies":[{"name":"wp","href":"https:\/\/api.w.org\/{rel}","templated":true}]}}