{"id":6038,"date":"2026-01-29T18:23:16","date_gmt":"2026-01-29T18:23:16","guid":{"rendered":"https:\/\/www.vap-camping.fr\/actualites-vap\/"},"modified":"2026-03-11T16:10:42","modified_gmt":"2026-03-11T16:10:42","slug":"actualites-vap","status":"publish","type":"page","link":"https:\/\/www.vap-camping.fr\/es\/actualites-vap\/","title":{"rendered":"Noticias"},"content":{"rendered":"\n<div class=\"wp-block-group alignfull is-layout-flow wp-block-group-is-layout-flow\">\n<div class=\"wp-block-group hero-camp is-layout-flow wp-block-group-is-layout-flow\" style=\"margin-bottom:20rem\">\n<div class=\"wp-block-group alignfull hero-img is-layout-flow wp-block-group-is-layout-flow\">\n<figure class=\"wp-block-image size-full\"><img decoding=\"async\" width=\"2560\" height=\"1714\" src=\"https:\/\/www.vap-camping.fr\/wp-content\/uploads\/2025\/05\/AdobeStock_12111915-scaled.jpeg\" alt=\"invierno\" class=\"wp-image-1150\" srcset=\"https:\/\/www.vap-camping.fr\/wp-content\/uploads\/2025\/05\/AdobeStock_12111915-scaled.jpeg 2560w, https:\/\/www.vap-camping.fr\/wp-content\/uploads\/2025\/05\/AdobeStock_12111915-600x402.jpeg 600w, https:\/\/www.vap-camping.fr\/wp-content\/uploads\/2025\/05\/AdobeStock_12111915-1024x685.jpeg 1024w, https:\/\/www.vap-camping.fr\/wp-content\/uploads\/2025\/05\/AdobeStock_12111915-768x514.jpeg 768w, https:\/\/www.vap-camping.fr\/wp-content\/uploads\/2025\/05\/AdobeStock_12111915-1536x1028.jpeg 1536w, https:\/\/www.vap-camping.fr\/wp-content\/uploads\/2025\/05\/AdobeStock_12111915-2048x1371.jpeg 2048w\" sizes=\"(max-width: 2560px) 100vw, 2560px\" \/><\/figure>\n<\/div>\n\n\n\n<div class=\"wp-block-group hero-desc has-secondary-background-color has-background is-layout-flow wp-block-group-is-layout-flow\" style=\"border-top-right-radius:90px;border-bottom-right-radius:90px;padding-top:2rem;padding-bottom:2rem;padding-left:5rem\"><h1 style=\"font-size:clamp(3.037rem, 3.037rem + ((1vw - 0.2rem) * 4.018), 6rem);\" class=\"has-link-color wp-elements-971196805a816ee349c8ae4f34a1c7a7 wp-block-post-title has-text-color has-white-color has-secondary-font-family\">Noticias<\/h1>\n\n\n<div class=\"wp-block-group is-nowrap is-layout-flex wp-container-core-group-is-layout-3b4e9d3e wp-block-group-is-layout-flex\">\n<p class=\"has-white-color has-text-color has-link-color has-sm-font-size wp-elements-e3ae3a6c9a546d2aea33bb7023705ee9\" style=\"font-style:normal;font-weight:500;text-transform:uppercase\">Nuestros establecimientos<\/p>\n\n\n\n<p class=\"has-white-color has-text-color has-link-color has-sm-font-size wp-elements-0f39d525d9bd49241929159ddac38499\" style=\"font-style:normal;font-weight:500;text-transform:uppercase\">| Campings VAP<\/p>\n<\/div>\n<\/div>\n<\/div>\n\n\n\n<div class=\"wp-block-group has-global-padding is-layout-constrained wp-container-core-group-is-layout-530ec779 wp-block-group-is-layout-constrained\">\n<div class=\"wp-block-query is-layout-flow wp-block-query-is-layout-flow\"><ul class=\"columns-2 wp-block-post-template is-layout-grid wp-container-core-post-template-is-layout-7ad96705 wp-block-post-template-is-layout-grid\"><li class=\"wp-block-post post-8575 post type-post status-publish format-standard has-post-thumbnail hentry category-noticias category-sin-categoria\">\n<figure class=\"wp-block-post-featured-image\"><a href=\"https:\/\/www.vap-camping.fr\/es\/un-camping-engage-pour-la-biodiversite-urbaine\/\" target=\"_self\"  ><img decoding=\"async\" width=\"1024\" height=\"683\" src=\"https:\/\/www.vap-camping.fr\/wp-content\/uploads\/2026\/04\/image-27-1024x683.jpeg\" class=\"attachment-large size-large wp-post-image\" alt=\"Un camping comprometido con la biodiversidad urbana\" style=\"object-fit:cover;\" srcset=\"https:\/\/www.vap-camping.fr\/wp-content\/uploads\/2026\/04\/image-27-1024x683.jpeg 1024w, https:\/\/www.vap-camping.fr\/wp-content\/uploads\/2026\/04\/image-27-600x400.jpeg 600w, https:\/\/www.vap-camping.fr\/wp-content\/uploads\/2026\/04\/image-27-768x512.jpeg 768w, https:\/\/www.vap-camping.fr\/wp-content\/uploads\/2026\/04\/image-27.jpeg 1536w\" sizes=\"(max-width: 1024px) 100vw, 1024px\" \/><\/a><\/figure>\n\n<h2 class=\"wp-block-post-title\">Un camping comprometido con la biodiversidad urbana<\/h2>\n<\/li><li class=\"wp-block-post post-8597 post type-post status-publish format-standard has-post-thumbnail hentry category-sin-categoria\">\n<figure class=\"wp-block-post-featured-image\"><a href=\"https:\/\/www.vap-camping.fr\/es\/camping-4-etoiles-a-foix-avec-snack-et-animations\/\" target=\"_self\"  ><img decoding=\"async\" width=\"1024\" height=\"683\" src=\"https:\/\/www.vap-camping.fr\/wp-content\/uploads\/2026\/03\/2fd48b36-5f01-4fdd-825e-36fd23fb7c4d-1024x683.png\" class=\"attachment-large size-large wp-post-image\" alt=\"Camping 4 estrellas en Foix con bar y animaci\u00f3n\" style=\"object-fit:cover;\" srcset=\"https:\/\/www.vap-camping.fr\/wp-content\/uploads\/2026\/03\/2fd48b36-5f01-4fdd-825e-36fd23fb7c4d-1024x683.png 1024w, https:\/\/www.vap-camping.fr\/wp-content\/uploads\/2026\/03\/2fd48b36-5f01-4fdd-825e-36fd23fb7c4d-600x400.png 600w, https:\/\/www.vap-camping.fr\/wp-content\/uploads\/2026\/03\/2fd48b36-5f01-4fdd-825e-36fd23fb7c4d-768x512.png 768w, https:\/\/www.vap-camping.fr\/wp-content\/uploads\/2026\/03\/2fd48b36-5f01-4fdd-825e-36fd23fb7c4d.png 1536w\" sizes=\"(max-width: 1024px) 100vw, 1024px\" \/><\/a><\/figure>\n\n<h2 class=\"wp-block-post-title\">Camping 4 estrellas en Foix con bar y animaci\u00f3n<\/h2>\n<\/li><li class=\"wp-block-post post-8592 post type-post status-publish format-standard has-post-thumbnail hentry category-sin-categoria\">\n<figure class=\"wp-block-post-featured-image\"><a href=\"https:\/\/www.vap-camping.fr\/es\/camping-ou-hotel-pour-votre-sejour-a-toulouse\/\" target=\"_self\"  ><img decoding=\"async\" width=\"1024\" height=\"683\" src=\"https:\/\/www.vap-camping.fr\/wp-content\/uploads\/2026\/03\/image-21-1024x683.jpeg\" class=\"attachment-large size-large wp-post-image\" alt=\"\u00bfCamping u hotel para tu estancia en Toulouse?\" style=\"object-fit:cover;\" srcset=\"https:\/\/www.vap-camping.fr\/wp-content\/uploads\/2026\/03\/image-21-1024x683.jpeg 1024w, https:\/\/www.vap-camping.fr\/wp-content\/uploads\/2026\/03\/image-21-600x400.jpeg 600w, https:\/\/www.vap-camping.fr\/wp-content\/uploads\/2026\/03\/image-21-768x512.jpeg 768w, https:\/\/www.vap-camping.fr\/wp-content\/uploads\/2026\/03\/image-21.jpeg 1536w\" sizes=\"(max-width: 1024px) 100vw, 1024px\" \/><\/a><\/figure>\n\n<h2 class=\"wp-block-post-title\">\u00bfCamping u hotel para tu estancia en Toulouse?<\/h2>\n<\/li><li class=\"wp-block-post post-8581 post type-post status-publish format-standard has-post-thumbnail hentry category-sin-categoria\">\n<figure class=\"wp-block-post-featured-image\"><a href=\"https:\/\/www.vap-camping.fr\/es\/quel-hebergement-choisir-pour-vos-vacances-en-ariege\/\" target=\"_self\"  ><img decoding=\"async\" width=\"1024\" height=\"767\" src=\"https:\/\/www.vap-camping.fr\/wp-content\/uploads\/2025\/04\/sky-view-pool-mazeres-1024x767.jpg\" class=\"attachment-large size-large wp-post-image\" alt=\"\u00bfQu\u00e9 alojamiento elegir para tus vacaciones en Ari\u00e8ge?\" style=\"object-fit:cover;\" srcset=\"https:\/\/www.vap-camping.fr\/wp-content\/uploads\/2025\/04\/sky-view-pool-mazeres-1024x767.jpg 1024w, https:\/\/www.vap-camping.fr\/wp-content\/uploads\/2025\/04\/sky-view-pool-mazeres-600x450.jpg 600w, https:\/\/www.vap-camping.fr\/wp-content\/uploads\/2025\/04\/sky-view-pool-mazeres-768x575.jpg 768w, https:\/\/www.vap-camping.fr\/wp-content\/uploads\/2025\/04\/sky-view-pool-mazeres-1536x1151.jpg 1536w, https:\/\/www.vap-camping.fr\/wp-content\/uploads\/2025\/04\/sky-view-pool-mazeres-2048x1534.jpg 2048w\" sizes=\"(max-width: 1024px) 100vw, 1024px\" \/><\/a><\/figure>\n\n<h2 class=\"wp-block-post-title\">\u00bfQu\u00e9 alojamiento elegir para tus vacaciones en Ari\u00e8ge?<\/h2>\n<\/li><li class=\"wp-block-post post-8591 post type-post status-publish format-standard has-post-thumbnail hentry category-sin-categoria\">\n<figure class=\"wp-block-post-featured-image\"><a href=\"https:\/\/www.vap-camping.fr\/es\/toulouse-a-velo-depuis-le-rupe\/\" target=\"_self\"  ><img decoding=\"async\" width=\"1024\" height=\"683\" src=\"https:\/\/www.vap-camping.fr\/wp-content\/uploads\/2026\/03\/image-14-1024x683.jpeg\" class=\"attachment-large size-large wp-post-image\" alt=\"Toulouse en bici desde el Rup\u00e9\" style=\"object-fit:cover;\" srcset=\"https:\/\/www.vap-camping.fr\/wp-content\/uploads\/2026\/03\/image-14-1024x683.jpeg 1024w, https:\/\/www.vap-camping.fr\/wp-content\/uploads\/2026\/03\/image-14-600x400.jpeg 600w, https:\/\/www.vap-camping.fr\/wp-content\/uploads\/2026\/03\/image-14-768x512.jpeg 768w, https:\/\/www.vap-camping.fr\/wp-content\/uploads\/2026\/03\/image-14.jpeg 1536w\" sizes=\"(max-width: 1024px) 100vw, 1024px\" \/><\/a><\/figure>\n\n<h2 class=\"wp-block-post-title\">Toulouse en bici desde el Rup\u00e9<\/h2>\n<\/li><li class=\"wp-block-post post-8578 post type-post status-publish format-standard has-post-thumbnail hentry category-sin-categoria\">\n<figure class=\"wp-block-post-featured-image\"><a href=\"https:\/\/www.vap-camping.fr\/es\/le-week-end-de-pentecote-2026-en-ariege\/\" target=\"_self\"  ><img decoding=\"async\" width=\"1024\" height=\"768\" src=\"https:\/\/www.vap-camping.fr\/wp-content\/uploads\/2025\/05\/AdobeStock_1312971900-1024x768.jpeg\" class=\"attachment-large size-large wp-post-image\" alt=\"Fin de semana de Pentecost\u00e9s de 2026 en Ari\u00e8ge\" style=\"object-fit:cover;\" srcset=\"https:\/\/www.vap-camping.fr\/wp-content\/uploads\/2025\/05\/AdobeStock_1312971900-1024x768.jpeg 1024w, https:\/\/www.vap-camping.fr\/wp-content\/uploads\/2025\/05\/AdobeStock_1312971900-600x450.jpeg 600w, https:\/\/www.vap-camping.fr\/wp-content\/uploads\/2025\/05\/AdobeStock_1312971900-768x576.jpeg 768w, https:\/\/www.vap-camping.fr\/wp-content\/uploads\/2025\/05\/AdobeStock_1312971900-1536x1152.jpeg 1536w, https:\/\/www.vap-camping.fr\/wp-content\/uploads\/2025\/05\/AdobeStock_1312971900-2048x1536.jpeg 2048w\" sizes=\"(max-width: 1024px) 100vw, 1024px\" \/><\/a><\/figure>\n\n<h2 class=\"wp-block-post-title\">Fin de semana de Pentecost\u00e9s de 2026 en Ari\u00e8ge<\/h2>\n<\/li><li class=\"wp-block-post post-8232 post type-post status-publish format-standard has-post-thumbnail hentry category-actualites\">\n<figure class=\"wp-block-post-featured-image\"><a href=\"https:\/\/www.vap-camping.fr\/es\/ariege-en-moto\/\" target=\"_self\"  ><img decoding=\"async\" width=\"1024\" height=\"683\" src=\"https:\/\/www.vap-camping.fr\/wp-content\/uploads\/2026\/03\/image-12-1024x683.jpeg\" class=\"attachment-large size-large wp-post-image\" alt=\"En moto hasta el Ari\u00e8ge para la ascensi\u00f3n\" style=\"object-fit:cover;\" srcset=\"https:\/\/www.vap-camping.fr\/wp-content\/uploads\/2026\/03\/image-12-1024x683.jpeg 1024w, https:\/\/www.vap-camping.fr\/wp-content\/uploads\/2026\/03\/image-12-600x400.jpeg 600w, https:\/\/www.vap-camping.fr\/wp-content\/uploads\/2026\/03\/image-12-768x512.jpeg 768w, https:\/\/www.vap-camping.fr\/wp-content\/uploads\/2026\/03\/image-12.jpeg 1536w\" sizes=\"(max-width: 1024px) 100vw, 1024px\" \/><\/a><\/figure>\n\n<h2 class=\"wp-block-post-title\">En moto hasta el Ari\u00e8ge para la ascensi\u00f3n<\/h2>\n<\/li><li class=\"wp-block-post post-8219 post type-post status-publish format-standard has-post-thumbnail hentry category-actualites\">\n<figure class=\"wp-block-post-featured-image\"><a href=\"https:\/\/www.vap-camping.fr\/es\/que-faire-pour-le-week-end-du-08-mai-a-foix\/\" target=\"_self\"  ><img decoding=\"async\" width=\"1024\" height=\"772\" src=\"https:\/\/www.vap-camping.fr\/wp-content\/uploads\/2025\/07\/chateau-de-foix_ariege.jpg\" class=\"attachment-large size-large wp-post-image\" alt=\"\u00bfQu\u00e9 hacer en Foix el fin de semana del 08 de mayo?\" style=\"object-fit:cover;\" srcset=\"https:\/\/www.vap-camping.fr\/wp-content\/uploads\/2025\/07\/chateau-de-foix_ariege.jpg 1024w, https:\/\/www.vap-camping.fr\/wp-content\/uploads\/2025\/07\/chateau-de-foix_ariege-600x452.jpg 600w, https:\/\/www.vap-camping.fr\/wp-content\/uploads\/2025\/07\/chateau-de-foix_ariege-768x579.jpg 768w\" sizes=\"(max-width: 1024px) 100vw, 1024px\" \/><\/a><\/figure>\n\n<h2 class=\"wp-block-post-title\">\u00bfQu\u00e9 hacer en Foix el fin de semana del 08 de mayo?<\/h2>\n<\/li><li class=\"wp-block-post post-8208 post type-post status-publish format-standard has-post-thumbnail hentry category-sin-categoria\">\n<figure class=\"wp-block-post-featured-image\"><a href=\"https:\/\/www.vap-camping.fr\/es\/rdv-au-snack-du-camping-du-lac-pour-vivre-la-fifa-2026-ensemble\/\" target=\"_self\"  ><img decoding=\"async\" width=\"1024\" height=\"683\" src=\"https:\/\/www.vap-camping.fr\/wp-content\/uploads\/2026\/03\/image-4-1024x683.jpeg\" class=\"attachment-large size-large wp-post-image\" alt=\"\u00a1Re\u00fanete en el merendero del Camping du Lac para vivir juntos la Copa Mundial de la FIFA!\" style=\"object-fit:cover;\" srcset=\"https:\/\/www.vap-camping.fr\/wp-content\/uploads\/2026\/03\/image-4-1024x683.jpeg 1024w, https:\/\/www.vap-camping.fr\/wp-content\/uploads\/2026\/03\/image-4-600x400.jpeg 600w, https:\/\/www.vap-camping.fr\/wp-content\/uploads\/2026\/03\/image-4-768x512.jpeg 768w, https:\/\/www.vap-camping.fr\/wp-content\/uploads\/2026\/03\/image-4.jpeg 1536w\" sizes=\"(max-width: 1024px) 100vw, 1024px\" \/><\/a><\/figure>\n\n<h2 class=\"wp-block-post-title\">\u00a1Re\u00fanete en el merendero del Camping du Lac para vivir juntos la Copa Mundial de la FIFA!<\/h2>\n<\/li><li class=\"wp-block-post post-8217 post type-post status-publish format-standard has-post-thumbnail hentry category-sin-categoria\">\n<figure class=\"wp-block-post-featured-image\"><a href=\"https:\/\/www.vap-camping.fr\/es\/week-end-proche-toulouse\/\" target=\"_self\"  ><img decoding=\"async\" width=\"1024\" height=\"683\" src=\"https:\/\/www.vap-camping.fr\/wp-content\/uploads\/2026\/03\/idees-week-end-autour-toulouse-1024x683.webp\" class=\"attachment-large size-large wp-post-image\" alt=\"Las mejores ideas para una escapada de fin de semana cerca de Toulouse\" style=\"object-fit:cover;\" srcset=\"https:\/\/www.vap-camping.fr\/wp-content\/uploads\/2026\/03\/idees-week-end-autour-toulouse-1024x683.webp 1024w, https:\/\/www.vap-camping.fr\/wp-content\/uploads\/2026\/03\/idees-week-end-autour-toulouse-600x400.webp 600w, https:\/\/www.vap-camping.fr\/wp-content\/uploads\/2026\/03\/idees-week-end-autour-toulouse-768x512.webp 768w, https:\/\/www.vap-camping.fr\/wp-content\/uploads\/2026\/03\/idees-week-end-autour-toulouse-1536x1024.webp 1536w, https:\/\/www.vap-camping.fr\/wp-content\/uploads\/2026\/03\/idees-week-end-autour-toulouse.webp 1920w\" sizes=\"(max-width: 1024px) 100vw, 1024px\" \/><\/a><\/figure>\n\n<h2 class=\"wp-block-post-title\">Las mejores ideas para una escapada de fin de semana cerca de Toulouse<\/h2>\n<\/li><\/ul>\n\n<nav class=\"wp-block-query-pagination is-layout-flex wp-block-query-pagination-is-layout-flex\" aria-label=\"Pagination\">\n\n\n<div class=\"wp-block-query-pagination-numbers\"><span aria-current=\"page\" class=\"page-numbers current\">1<\/span>\n<a class=\"page-numbers\" href=\"?query-9-page=2\">2<\/a>\n<a class=\"page-numbers\" href=\"?query-9-page=3\">3<\/a><\/div>\n\n<a href=\"\/es\/wp-json\/wp\/v2\/pages\/6038?query-9-page=2\" class=\"wp-block-query-pagination-next\">Next Page<\/a>\n<\/nav>\n\n<\/div>\n<\/div>\n<\/div>\n\n<p><\/p>\n","protected":false},"excerpt":{"rendered":"<p>Nuestros establecimientos | Campings VAP<\/p>\n","protected":false},"author":1,"featured_media":5874,"parent":0,"menu_order":6,"comment_status":"closed","ping_status":"closed","template":"","meta":{"_acf_changed":false,"_seopress_robots_primary_cat":"","_seopress_titles_title":"Noticias %%sep%% %%sitetitle%%","_seopress_titles_desc":"Noticias de los Campings VAP de Ari\u00e8ge-Pyr\u00e9n\u00e9es. Mantente al d\u00eda de las \u00faltimas noticias y eventos para tus pr\u00f3ximas vacaciones. ","_seopress_robots_index":"","ouverture":"","nombre_de_locations":"","nombre_demplacements":"","adresse":"","numero_de_telephone":"","email":"","url_du_site":"","footnotes":""},"class_list":["post-6038","page","type-page","status-publish","has-post-thumbnail","hentry"],"acf":[],"_links":{"self":[{"href":"https:\/\/www.vap-camping.fr\/es\/wp-json\/wp\/v2\/pages\/6038","targetHints":{"allow":["GET"]}}],"collection":[{"href":"https:\/\/www.vap-camping.fr\/es\/wp-json\/wp\/v2\/pages"}],"about":[{"href":"https:\/\/www.vap-camping.fr\/es\/wp-json\/wp\/v2\/types\/page"}],"author":[{"embeddable":true,"href":"https:\/\/www.vap-camping.fr\/es\/wp-json\/wp\/v2\/users\/1"}],"replies":[{"embeddable":true,"href":"https:\/\/www.vap-camping.fr\/es\/wp-json\/wp\/v2\/comments?post=6038"}],"version-history":[{"count":5,"href":"https:\/\/www.vap-camping.fr\/es\/wp-json\/wp\/v2\/pages\/6038\/revisions"}],"predecessor-version":[{"id":8145,"href":"https:\/\/www.vap-camping.fr\/es\/wp-json\/wp\/v2\/pages\/6038\/revisions\/8145"}],"wp:featuredmedia":[{"embeddable":true,"href":"https:\/\/www.vap-camping.fr\/es\/wp-json\/wp\/v2\/media\/5874"}],"wp:attachment":[{"href":"https:\/\/www.vap-camping.fr\/es\/wp-json\/wp\/v2\/media?parent=6038"}],"curies":[{"name":"wp","href":"https:\/\/api.w.org\/{rel}","templated":true}]}}